{"id":5275,"date":"2022-05-17T15:48:15","date_gmt":"2022-05-17T12:48:15","guid":{"rendered":"http:\/\/www.binted.com.tr\/?page_id=5275"},"modified":"2023-11-03T08:47:17","modified_gmt":"2023-11-03T05:47:17","slug":"6698-sayili-k-v-k-k","status":"publish","type":"page","link":"https:\/\/www.binted.com.tr\/?page_id=5275","title":{"rendered":"6698 SAYILI K.V.K.K."},"content":{"rendered":"<p style=\"text-align: center;\"><strong><span style=\"vertical-align: inherit;\"><span style=\"vertical-align: inherit;\">6698 SAYILI K\u0130\u015e\u0130SEL VER\u0130LER\u0130N KORUNMASI KANUNU<\/span><\/span><\/strong><\/p>\n<p style=\"text-align: center;\"><strong><span style=\"vertical-align: inherit;\"><span style=\"vertical-align: inherit;\">B\u0130NTED A.\u015e. POL\u0130T\u0130KASI<\/span><\/span><\/strong><\/p>\n<p style=\"text-align: center;\"><strong><span style=\"vertical-align: inherit;\"><span style=\"vertical-align: inherit;\">(\u00c7ALI\u015eAN VE \u00c7ALI\u015eMA ADAYLARI \u0130\u00c7\u0130N GE\u00c7ERL\u0130)<\/span><\/span><\/strong><\/p>\n<p><span style=\"vertical-align: inherit;\"><span style=\"vertical-align: inherit;\">B\u0130NTED Anonim \u015eirketi, \u0130nsan Kaynaklar\u0131 Departman\u0131 olarak 6698 say\u0131l\u0131 Ki\u015fisel Verilerin Korunmas\u0131 Kanunu uyar\u0131nca ki\u015fisel verilerin hukuka uygun olarak korunmas\u0131 ve i\u015flenmesine \u00f6nem vererek t\u00fcm plan, proje ve faaliyetlerimizde \u00f6zen ve dikkat gerektiren bir s\u00fcreci i\u015flemekteyiz.<\/span><\/span><\/p>\n<p><span style=\"vertical-align: inherit;\"><span style=\"vertical-align: inherit;\">6698 say\u0131l\u0131 Ki\u015fisel Verilerin Korunmas\u0131 Kanunu uyar\u0131nca \u00e7al\u0131\u015fan veya \u00e7al\u0131\u015fma aday\u0131 her bireyin \u00f6zel hayatlar\u0131na dair gizlili\u011fi temel hedef olarak ald\u0131\u011f\u0131m\u0131z Ki\u015fisel Verilerin Korunmas\u0131 ve i\u015flenmesini sadece mevzuata, standart uyumu sa\u011flamak ad\u0131na olmad\u0131\u011f\u0131n\u0131, s\u00fcrecimizin temelinde B\u0130NTED A.\u015e. olarak insana verdi\u011fimiz temel etik ve de\u011ferlerin oldu\u011funu da kabul ederek uygulamaktay\u0131z. B\u0130NTED A.\u015e. \u0130nsan Kaynaklar\u0131 Departman\u0131 olarak, Ki\u015fisel Verilerin Korunmas\u0131 ve i\u015flenmesi i\u00e7in t\u00fcm teknik tedbirlerimizi almaya devam ediyoruz. Politikaya uyumlulu\u011fun sa\u011flanmas\u0131 amac\u0131yla \u00e7al\u0131\u015fanlarda fark\u0131ndal\u0131\u011f\u0131n sa\u011flanmas\u0131 ad\u0131na t\u00fcm \u00e7al\u0131\u015fmalar\u0131m\u0131z\u0131 s\u00fcrd\u00fcr\u00fcyoruz.<\/span><\/span><\/p>\n<p><span style=\"vertical-align: inherit;\"><span style=\"vertical-align: inherit;\">Yeni ba\u015flayan \u00e7al\u0131\u015fanlar i\u00e7inse gerekli uyum s\u00fcre\u00e7lerinin kapsaml\u0131 anlam ve b\u00fct\u00fcnl\u00fck esas\u0131na dayal\u0131 olarak d\u00fczenlemeleri ve e\u011fitimlerimizi planl\u0131yor ve bu do\u011frultuda \u00e7al\u0131\u015fmalar\u0131m\u0131z\u0131 s\u00fcrd\u00fcr\u00fcyoruz.<\/span><\/span><\/p>\n","protected":false},"excerpt":{"rendered":"<p>6698 SAYILI K\u0130\u015e\u0130SEL VER\u0130LER\u0130N KORUNMASI KANUNU B\u0130NTED A.\u015e. POL\u0130T\u0130KASI (\u00c7ALI\u015eAN VE \u00c7ALI\u015eMA ADAYLARI \u0130\u00c7\u0130N GE\u00c7ERL\u0130) B\u0130NTED Anonim \u015eirketi, \u0130nsan Kaynaklar\u0131 Departman\u0131 olarak 6698 say\u0131l\u0131 Ki\u015fisel Verilerin Korunmas\u0131 Kanunu uyar\u0131nca ki\u015fisel verilerin hukuka uygun olarak korunmas\u0131 ve i\u015flenmesine \u00f6nem vererek t\u00fcm plan, proje ve faaliyetlerimizde \u00f6zen ve dikkat gerektiren bir s\u00fcreci i\u015flemekteyiz. 6698 say\u0131l\u0131 Ki\u015fisel Verilerin [&hellip;]<\/p>\n","protected":false},"author":2,"featured_media":4254,"parent":0,"menu_order":0,"comment_status":"closed","ping_status":"closed","template":"","meta":{"footnotes":""},"_links":{"self":[{"href":"https:\/\/www.binted.com.tr\/index.php?rest_route=\/wp\/v2\/pages\/5275"}],"collection":[{"href":"https:\/\/www.binted.com.tr\/index.php?rest_route=\/wp\/v2\/pages"}],"about":[{"href":"https:\/\/www.binted.com.tr\/index.php?rest_route=\/wp\/v2\/types\/page"}],"author":[{"embeddable":true,"href":"https:\/\/www.binted.com.tr\/index.php?rest_route=\/wp\/v2\/users\/2"}],"replies":[{"embeddable":true,"href":"https:\/\/www.binted.com.tr\/index.php?rest_route=%2Fwp%2Fv2%2Fcomments&post=5275"}],"version-history":[{"count":4,"href":"https:\/\/www.binted.com.tr\/index.php?rest_route=\/wp\/v2\/pages\/5275\/revisions"}],"predecessor-version":[{"id":5565,"href":"https:\/\/www.binted.com.tr\/index.php?rest_route=\/wp\/v2\/pages\/5275\/revisions\/5565"}],"wp:featuredmedia":[{"embeddable":true,"href":"https:\/\/www.binted.com.tr\/index.php?rest_route=\/wp\/v2\/media\/4254"}],"wp:attachment":[{"href":"https:\/\/www.binted.com.tr\/index.php?rest_route=%2Fwp%2Fv2%2Fmedia&parent=5275"}],"curies":[{"name":"wp","href":"https:\/\/api.w.org\/{rel}","templated":true}]}}