{"id":4841,"date":"2020-05-06T10:29:08","date_gmt":"2020-05-06T07:29:08","guid":{"rendered":"http:\/\/www.binted.com.tr\/?page_id=4841"},"modified":"2023-11-03T09:30:22","modified_gmt":"2023-11-03T06:30:22","slug":"cerez-politikasi","status":"publish","type":"page","link":"https:\/\/www.binted.com.tr\/?page_id=4841","title":{"rendered":"\u00c7erez Politikas\u0131"},"content":{"rendered":"<p style=\"text-align: center;\"><strong>B\u0130NTED BURSA \u0130NSAN KAYNAKLARI TAAHH\u00dcT, E\u011e\u0130T\u0130M, DANI\u015eMANLIK H\u0130ZMETLER\u0130, \u0130MAR, \u0130N\u015eAAT VE T\u0130CARET ANON\u0130M \u015e\u0130RKET\u0130<\/strong><\/p>\n<p style=\"text-align: center;\"><strong>6698 SAYILI K\u0130\u015e\u0130SEL VER\u0130LER\u0130N KORUNMASI KANUNU KAPSAMINDA<\/strong><\/p>\n<p style=\"text-align: center;\"><strong>\u00c7EREZ POL\u0130T\u0130KASI<\/strong><\/p>\n<p>Bu \u00c7erez Politikas\u0131, Bursa B\u00fcy\u00fck\u015fehir Belediyesi i\u015ftiraki Binted Bursa \u0130nsan Kaynaklar\u0131 Taahh\u00fct, E\u011fitim, Dan\u0131\u015fmanl\u0131k Hizmetleri, \u0130mar, \u0130n\u015faat ve Ticaret Anonim \u015eirketi (k\u0131saca B\u0130NTED A.\u015e. olarak yer alacakt\u0131r) taraf\u0131ndan veya Binted ad\u0131na y\u00f6netilmekte olan t\u00fcm internet siteleri ve di\u011fer sanal platformlardaki sosyal medya internet adresleri (Google, Facebook, \u0130nstagram, Twitter vb.) ve Binted y\u00f6netimindeki t\u00fcm internet platformlar\u0131 \u00fczerinden eri\u015filen veya kullan\u0131lmakta olan uygulamalar ve bunlar\u0131n mobil versiyonlar\u0131 i\u00e7in ge\u00e7erlidir.<\/p>\n<p>\u015eirketimizin internet sitesini kullanarak \u00e7erezlerin bu \u00c7erez Politikas\u0131 ile uyumlu olarak kullan\u0131lmas\u0131n\u0131 kabul etmi\u015f say\u0131l\u0131rs\u0131n\u0131z. E\u011fer \u00e7erezlerin bu \u015fekilde kullan\u0131lmas\u0131n\u0131 istemiyorsan\u0131z, taray\u0131c\u0131n\u0131z\u0131n ayarlar\u0131n\u0131 d\u00fczenlemeli veya Binted internet sitesini kullanmamal\u0131s\u0131n\u0131z. Taray\u0131c\u0131 ayarlar\u0131ndan \u00e7erezleri silme i\u015flemini ger\u00e7ekle\u015ftirmeniz durumunda ilgili internet sitesindeki tercihleriniz silinecektir. Ayr\u0131ca, \u00e7erezleri tamamen engellemeniz durumunda ise Binted\u2019in internet sitesi de dahil olmak \u00fczere bir\u00e7ok internet sitesi d\u00fczg\u00fcn \u00e7al\u0131\u015fmayabilir.<\/p>\n<p>Bu Politika, sitemize ula\u015fmak i\u00e7in kullanm\u0131\u015f oldu\u011funuz teknolojilere veya y\u00f6ntemlere ba\u011fl\u0131 olmaks\u0131z\u0131n uygulanmaktad\u0131r.<\/p>\n<p>Binted internet sitesini herhangi bir ki\u015fisel bilgi vermeden ziyaret edebilir, i\u015f ba\u015fvurusu, \u015firket hakk\u0131nda bilinmesi gerekenler, e\u011fitim faaliyetleri ve genel personel duyurular\u0131 hakk\u0131nda bilgi sahibi olabilirsiniz.<\/p>\n<p><strong>\u00c7EREZ NED\u0130R VE HANG\u0130 AMA\u00c7LARLA KULLANILMAKTADIR? <\/strong><\/p>\n<p><strong>\u00c7erez:<\/strong> Ziyaret edilen internet siteleri taraf\u0131ndan bilgisayar\u0131n\u0131zda tutulan dosyalard\u0131r. \u0130nternet sitelerinin i\u015fleyi\u015finde; kullan\u0131c\u0131 deneyiminin iyile\u015ftirilmesi, i\u00e7erik geli\u015ftirilerek aktivasyonu sa\u011flanmas\u0131, site i\u00e7eri\u011fine veya ki\u015fisel \u00f6neme ba\u011fl\u0131 reklam sunma, ziyaret eden bireylere ak\u0131c\u0131 ve i\u015fleyi\u015fi olan bir internet sitesinde veya mobil uygulama uygun g\u00f6rsellerin yer alaca\u011f\u0131 olanaklar\u0131 ziyaret\u00e7ilere sunmak amac\u0131yla bilgisayar, telefon veya tablet gibi cihazlara yerle\u015ftirilen k\u00fc\u00e7\u00fck veri olanaklar\u0131d\u0131r.<\/p>\n<p>\u00c7erezlerin kullan\u0131m amac\u0131 ise; internet sitesinin daha verimli kullan\u0131lmas\u0131d\u0131r. Kullan\u0131c\u0131lar\u0131n ki\u015fisel ihtiya\u00e7lar\u0131na daha uygun ve h\u0131zl\u0131 bir ziyaret deneyimi ya\u015fatmak amac\u0131yla ki\u015fiselle\u015ftirilmi\u015f internet sayfalar\u0131 sunulabilmektedir. Bu dosyada internet sitesi gezintiniz ile ilgili bilgiler saklan\u0131r. Eri\u015fim sa\u011flad\u0131\u011f\u0131n\u0131z cihazlar\u0131n\u0131z internet sitesini tekrar kulland\u0131\u011f\u0131n\u0131zda dosya i\u00e7erisinde tutulan bilgiler sayesinde verilerinizi hat\u0131rlayacakt\u0131r. Dolay\u0131s\u0131yla \u00e7erezler, kullan\u0131c\u0131lar\u0131n internet sitelerini daha etkili ve kolay kullanabilmesi i\u00e7in gerekli ve \u00f6nemlidir.\u00a0 Ayr\u0131ca internet sitesinde ve \u00fc\u00e7\u00fcnc\u00fc ki\u015filerin internet sitelerinde size daha uygun hizmet, \u00fcr\u00fcn veya teklifler sunabilmemiz i\u00e7in \u00e7erezler kullan\u0131lmaktad\u0131r.<\/p>\n<p>Bu teknolojiler, internet sitemizi her ziyaretinizde eri\u015fim ve kullan\u0131m\u0131n\u0131z\u0131 g\u00f6steren bilgileri internet sitemiz taraf\u0131ndan otomatik olarak toplayan \u00e7e\u015fitli veri elde etme ara\u00e7lar\u0131 olabilece\u011fi gibi ayn\u0131 zamanda bizim ad\u0131m\u0131za ve hesab\u0131m\u0131za faaliyet g\u00f6steren \u00fc\u00e7\u00fcnc\u00fc ki\u015filer taraf\u0131ndan veri toplan\u0131rken de ilgili teknolojiler kullan\u0131labilir. Kulland\u0131\u011f\u0131m\u0131z bu teknolojiler, internet sitemizi geli\u015ftirmek, kullan\u0131\u015fl\u0131, etkili ve g\u00fcvenli hale getirmek amac\u0131yla kullan\u0131l\u0131r. Bu teknolojilere \u00f6rnek olarak; \u00e7erezler, flash \u00e7erezler ve analitik \u00e7erezler g\u00f6sterilebilir.<\/p>\n<p>B\u0130NTED internet tabanl\u0131 platformlardaki \u00e7erezler; \u0130nternet sitesinin i\u015flevselli\u011fini ve performans\u0131n\u0131 artt\u0131rmak amac\u0131yla sunulan hizmetleri geli\u015ftirmek, \u0130nternet sitesini iyile\u015ftirmek ve \u0130nternet sitesi \u00fczerinden yeni \u00f6zellikler sunmak ve sunulan \u00f6zellikleri kullan\u0131c\u0131 tercihlerine g\u00f6re ki\u015fiselle\u015ftirmeye olanak sa\u011flamak, \u0130nternet sitesinin daha etkili kullan\u0131labilmesi i\u00e7in baz\u0131 istatistiki verilere ihtiya\u00e7 duyulmas\u0131, bulundu\u011funuz internet sitesine \u00f6zg\u00fc olarak tarama ve kullanma tercih ve al\u0131\u015fkanl\u0131klar\u0131n\u0131za ili\u015fkin bilgilerin toplanmas\u0131, 5651 say\u0131l\u0131 \u0130nternet Ortam\u0131nda Yap\u0131lan Yay\u0131nlar\u0131n D\u00fczenlenmesi ve Bu Yay\u0131nlar Yoluyla \u0130\u015flenen Su\u00e7larla M\u00fccadele Edilmesi Hakk\u0131nda Kanun ve \u0130nternet Ortam\u0131nda Yap\u0131lan Yay\u0131nlar\u0131n D\u00fczenlenmesine Dair Usul ve Esaslar Hakk\u0131nda Y\u00f6netmelik\u2019ten kaynaklananlar ba\u015fta olmak \u00fczere, kanuni ve s\u00f6zle\u015fme y\u00fck\u00fcml\u00fcl\u00fcklerin yerine getirilebilmesi i\u00e7in IP adresi gibi ki\u015fisel verilere ihtiya\u00e7 duyulmas\u0131 gibi nedenler ile kullan\u0131lmaktad\u0131r. Bilgisayar\u0131n\u0131za y\u00fcklenen \u00e7erezler veya elde edilen bilgiler istatiksel analizler veya g\u00fcvenlik \u00f6nlemleri i\u00e7in kullan\u0131lmaktad\u0131r. Herhangi bir ki\u015fisel veriniz \u00e7erezler arac\u0131l\u0131\u011f\u0131 ile toplanmamaktad\u0131r. \u00c7erezler bu Politika\u2019da belirtilen ama\u00e7lar d\u0131\u015f\u0131nda kullan\u0131lmaktad\u0131r. Bu hususta y\u00fcr\u00fct\u00fclen t\u00fcm i\u015flemler 6698 say\u0131l\u0131 Ki\u015fisel Verilerin Korumas\u0131 Kanuna uygun olarak y\u00fcr\u00fct\u00fclmektedir.<\/p>\n<p><strong>\u00c7EREZ T\u00dcRLER\u0130 <\/strong>\u00a0\u00c7erezler ki\u015fisel \u00f6nem ve ilgi alanlar\u0131 t\u00fcrlerine g\u00f6re farkl\u0131 aktivasyon sa\u011flayabilir.<\/p>\n<table>\n<tbody>\n<tr>\n<td width=\"135\"><strong>\u00c7EREZ T\u00dcR\u00dc<\/strong><\/td>\n<td width=\"431\"><strong>A\u00c7IKLAMA<\/strong><\/td>\n<\/tr>\n<tr>\n<td width=\"135\"><strong>Oturum \u00c7erezleri<\/strong><\/td>\n<td width=\"431\">Bu \u00e7erezler kullan\u0131c\u0131n\u0131n ziyaretini oturumlara ay\u0131rmak i\u00e7in kullan\u0131l\u0131r ve kullan\u0131c\u0131dan veri toplamaz. Anonim \u00f6zellikte olan \u0130nternet sitesinin d\u00fczg\u00fcn bir \u015fekilde \u00e7al\u0131\u015fabilmesi ve kullan\u0131c\u0131lar\u0131n sitede gezinme ve \u00f6zelliklerinden yararlanmas\u0131n\u0131 sa\u011flar. \u00c7erez, kullan\u0131c\u0131 ziyaret etti\u011fi internet sayfas\u0131n\u0131 kapatt\u0131\u011f\u0131nda veya belli bir s\u00fcre pasif kald\u0131\u011f\u0131nda silinir.<\/td>\n<\/tr>\n<tr>\n<td width=\"135\"><strong>Kal\u0131c\u0131 \u00c7erezler<\/strong><\/td>\n<td width=\"431\">Bu \u00e7erezler taray\u0131c\u0131n\u0131zda saklanan ve taraf\u0131n\u0131zdan silininceye dek veya son kullan\u0131m tarihine kadar ge\u00e7erlili\u011fini koruyan \u00e7erezlerdir.<\/td>\n<\/tr>\n<tr>\n<td width=\"135\"><strong>Zorunlu \u00c7erezler<\/strong><\/td>\n<td width=\"431\">Bu \u00e7erezler, \u0130nternet Sitesi\u2019nin d\u00fczg\u00fcn \u015fekilde \u00e7al\u0131\u015fmas\u0131 i\u00e7in mutlaka gerekli olan \u00e7erezlerdir. Bu \u00e7erezlere, sistemin y\u00f6netilebilmesi, sahte i\u015flemlerin \u00f6nlenmesi i\u00e7in ihtiya\u00e7 vard\u0131r ve engellenmesi halinde internet Sitesi \u00e7al\u0131\u015famayacakt\u0131r.<\/td>\n<\/tr>\n<tr>\n<td width=\"135\"><strong>\u0130\u015flevsel ve Analitik \u00c7erezler<\/strong><\/td>\n<td width=\"431\">Tercihlerinizin hat\u0131rlanmas\u0131, internet sitesinin etkin \u015fekilde kullan\u0131lmas\u0131, sitenin isteklerinize cevap verecek \u015fekilde optimize edilmesi gibi ama\u00e7larla kullan\u0131lan ve siteyi nas\u0131l kulland\u0131\u011f\u0131n\u0131z hakk\u0131nda verileri i\u00e7eren \u00e7erezlerdir. Nitelikleri gere\u011fi bu t\u00fcrdeki \u00e7erezler ki\u015fisel verilerinizi i\u00e7erebilir. \u00d6rne\u011fin sitenin g\u00f6r\u00fcnt\u00fclenme dili tercihinizi kaydeden \u00e7erezler birer i\u015flevsel \u00e7erezdir. Analitik \u00e7erezler ise internet sitesini ziyaret edenlerin say\u0131lar\u0131, internet sitesinde g\u00f6r\u00fcnt\u00fclenen sayfalar\u0131n tespiti, internet sitesi ziyaret saatleri, internet sitesi sayfalar\u0131 kayd\u0131rma hareketleri gibi analitik sonu\u00e7lar\u0131n \u00fcretimini sa\u011flayan \u00e7erezlerdir.<\/td>\n<\/tr>\n<tr>\n<td width=\"135\"><strong>Takip \u00c7erezleri<\/strong><\/td>\n<td width=\"431\">Takip \u00e7erezleri internet sitemizi ve \u00fc\u00e7\u00fcnc\u00fc taraflara ait alan adlar\u0131n\u0131 ziyaretiniz s\u0131ras\u0131nda olu\u015fturulan birincil ve \u00fc\u00e7\u00fcnc\u00fc taraf \u00e7erezlerdir. Bu \u00e7erezler olu\u015fturulduklar\u0131 alan adlar\u0131ndaki t\u0131klama ve ziyaret ge\u00e7mi\u015finizin takibini ve farkl\u0131 alan adlar\u0131 aras\u0131nda bu kay\u0131tlar\u0131n e\u015flenmesini m\u00fcmk\u00fcn k\u0131lmaktad\u0131r. Bu t\u00fcr \u00e7erezler kullan\u0131c\u0131lar\u0131n tan\u0131nmas\u0131 ve profillemesi, reklam ve pazarlama faaliyetlerinin hedeflenmesi ve i\u00e7eri\u011fin \u00f6zelle\u015ftirilmesi amac\u0131 ile kullan\u0131lmaktad\u0131r. Bu \u00e7erezler sizin kimli\u011finizi belirlemek veya \u015fahs\u0131n\u0131z \u00f6zelinde karar almak i\u00e7in kullan\u0131lmayacakt\u0131r.<\/td>\n<\/tr>\n<\/tbody>\n<\/table>\n<p><strong>\u00c7erez \u0130zinleri:<\/strong> \u00c7erez izni verildi\u011fi takdirde, B\u0130NTED\u2019e ait masa\u00fcst\u00fc ve mobil internet sitelerini kullanarak \u00e7erezlerin uyumlu \u015fekilde kullan\u0131lmas\u0131na onay verme i\u015flemi ger\u00e7ekle\u015fmi\u015f olur. Web sitesine giri\u015f ama\u00e7l\u0131 kullan\u0131lan cihaz\u0131n\u0131zda \u00c7erez uygulamalar\u0131 kullan\u0131lmak istenmiyorsa \u00c7erez uygulamalar\u0131 red edilebilir. \u00c7erezlerin red edilmesi halinde masa\u00fcst\u00fc site veya mobil internet sitesi gerekti\u011fi gibi \u00e7al\u0131\u015fmayabilir veya talep edilen hizmetlerin sunulmas\u0131nda teknik aksakl\u0131klar ger\u00e7ekle\u015febilir.<\/p>\n<p><strong>\u00c7erez Y\u00f6netimi:<\/strong> \u00c7erezler devre d\u0131\u015f\u0131 b\u0131rak\u0131ld\u0131\u011f\u0131 zaman depolanm\u0131\u015f olan \u00e7erez verilerinin temizlenmesi kullan\u0131lan taray\u0131c\u0131ya g\u00f6re de\u011fi\u015fmektedir. Taray\u0131c\u0131da ki &#8220;Yard\u0131m&#8221; fonksiyonunu kullanarak ilgili ayarlar\u0131n de\u011fi\u015ftirilmesi sa\u011flanabilmektedir.<\/p>\n<p><strong>\u00c7EREZLER\u0130 NASIL KONTROL ED\u0130L\u0130R?<\/strong><\/p>\n<p>\u00c7erezler istenildi\u011fi gibi kontrol edebilir veya silinebilir. Bilgisayarda h\u00e2lihaz\u0131rda bulunan \u00e7erezler silinebilir ve \u00e7o\u011fu Internet gezgininde \u00e7erez kaydedilmesi\/yerle\u015ftirilmesi engellenebilir. Ancak \u00e7erezlerin silinmesi ve ilerideki \u00e7erezlerin bilgisayara indirilmesinin engellenmesi durumunda Binted internet sitesi \u00f6zelliklerinin baz\u0131lar\u0131na eri\u015filemeyecektir.<\/p>\n<p><span style=\"color: #00ffff;\"><a style=\"color: #00ffff;\" href=\"https:\/\/support.google.com\/chrome\/answer\/95647?co=GENIE.Platform%3DDesktop&amp;hl=tr&amp;oco=0\"><span style=\"color: #ffcc00;\">\u00c7EREZ AYARLARI<\/span> <\/a><\/span>&#8216;na ula\u015fmak i\u00e7in metni t\u0131klay\u0131n\u0131z.<\/p>\n<p><span style=\"color: #ffcc00;\"><a style=\"color: #ffcc00;\" href=\"https:\/\/www.binted.com.tr\/wp-content\/uploads\/2020\/04\/K%C4%B0%C5%9E%C4%B0SEL-VER%C4%B0LER%C4%B0N-KORUNMASI-KANUNU.pdf\">K\u0130\u015e\u0130SEL VER\u0130LER\u0130N KORUNMASI KANUNU<\/a><\/span>\u00a0\u2018na ula\u015fmak i\u00e7in metni t\u0131klay\u0131n\u0131z.<\/p>\n","protected":false},"excerpt":{"rendered":"<p>B\u0130NTED BURSA \u0130NSAN KAYNAKLARI TAAHH\u00dcT, E\u011e\u0130T\u0130M, DANI\u015eMANLIK H\u0130ZMETLER\u0130, \u0130MAR, \u0130N\u015eAAT VE T\u0130CARET ANON\u0130M \u015e\u0130RKET\u0130 6698 SAYILI K\u0130\u015e\u0130SEL VER\u0130LER\u0130N KORUNMASI KANUNU KAPSAMINDA \u00c7EREZ POL\u0130T\u0130KASI Bu \u00c7erez Politikas\u0131, Bursa B\u00fcy\u00fck\u015fehir Belediyesi i\u015ftiraki Binted Bursa \u0130nsan Kaynaklar\u0131 Taahh\u00fct, E\u011fitim, Dan\u0131\u015fmanl\u0131k Hizmetleri, \u0130mar, \u0130n\u015faat ve Ticaret Anonim \u015eirketi (k\u0131saca B\u0130NTED A.\u015e. olarak yer alacakt\u0131r) taraf\u0131ndan veya Binted ad\u0131na y\u00f6netilmekte [&hellip;]<\/p>\n","protected":false},"author":2,"featured_media":4254,"parent":0,"menu_order":0,"comment_status":"closed","ping_status":"closed","template":"","meta":{"footnotes":""},"_links":{"self":[{"href":"https:\/\/www.binted.com.tr\/index.php?rest_route=\/wp\/v2\/pages\/4841"}],"collection":[{"href":"https:\/\/www.binted.com.tr\/index.php?rest_route=\/wp\/v2\/pages"}],"about":[{"href":"https:\/\/www.binted.com.tr\/index.php?rest_route=\/wp\/v2\/types\/page"}],"author":[{"embeddable":true,"href":"https:\/\/www.binted.com.tr\/index.php?rest_route=\/wp\/v2\/users\/2"}],"replies":[{"embeddable":true,"href":"https:\/\/www.binted.com.tr\/index.php?rest_route=%2Fwp%2Fv2%2Fcomments&post=4841"}],"version-history":[{"count":9,"href":"https:\/\/www.binted.com.tr\/index.php?rest_route=\/wp\/v2\/pages\/4841\/revisions"}],"predecessor-version":[{"id":5568,"href":"https:\/\/www.binted.com.tr\/index.php?rest_route=\/wp\/v2\/pages\/4841\/revisions\/5568"}],"wp:featuredmedia":[{"embeddable":true,"href":"https:\/\/www.binted.com.tr\/index.php?rest_route=\/wp\/v2\/media\/4254"}],"wp:attachment":[{"href":"https:\/\/www.binted.com.tr\/index.php?rest_route=%2Fwp%2Fv2%2Fmedia&parent=4841"}],"curies":[{"name":"wp","href":"https:\/\/api.w.org\/{rel}","templated":true}]}}