{"id":4817,"date":"2020-05-05T09:24:30","date_gmt":"2020-05-05T06:24:30","guid":{"rendered":"http:\/\/www.binted.com.tr\/?page_id=4817"},"modified":"2023-11-20T10:38:37","modified_gmt":"2023-11-20T07:38:37","slug":"aydinlatma-metni","status":"publish","type":"page","link":"https:\/\/www.binted.com.tr\/?page_id=4817","title":{"rendered":"Ayd\u0131nlatma Metni"},"content":{"rendered":"<p style=\"text-align: center;\"><strong>B\u0130NTED BURSA \u0130NSAN KAYNAKLARI TAAHH\u00dcT E\u011e\u0130T\u0130M <\/strong><strong>DANI\u015eMANLIK H\u0130ZMETLER\u0130, \u0130MAR \u0130N\u015eAAT VE T\u0130CARET A. \u015e.<\/strong><\/p>\n<p><strong>\u00a0<\/strong><strong>6698 SAYILI K\u0130\u015e\u0130SEL VER\u0130LER\u0130N KORUNMASI KANUNU KAPSAMINDA AYDINLATMA METN\u0130<\/strong><\/p>\n<p>Bu ayd\u0131nlatma metni 6698 Say\u0131l\u0131 Ki\u015fisel Verilerin Korunmas\u0131 Kanunu&#8217;nun \u201c Veri Sorumlusunun Ayd\u0131nlatma Y\u00fck\u00fcml\u00fcl\u00fc\u011f\u00fc &#8216;n\u00fc \u201c d\u00fczenleyen 10. maddesi ile Ayd\u0131nlatma Y\u00fck\u00fcml\u00fcl\u00fc\u011f\u00fcn\u00fcn Yerine Getirilmesinde Uyulacak Usul ve Esaslar Hakk\u0131nda Tebli\u011f kapsam\u0131nda veri sorumlusu s\u0131fat\u0131yla Binted Bursa \u0130nsan Kaynaklar\u0131 Taahh\u00fct, E\u011fitim, Dan\u0131\u015fmanl\u0131k Hizmetleri, \u0130mar, \u0130n\u015faat ve Ticaret Anonim \u015eirketi taraf\u0131ndan haz\u0131rlanm\u0131\u015ft\u0131r.<\/p>\n<p><strong>VER\u0130 SORUMLUSU:<\/strong><\/p>\n<p>6698 Say\u0131l\u0131 Ki\u015fisel Verilerin Korunmas\u0131 Kanununun <strong>10 uncu maddesi ve bu kanuna dayanan Ayd\u0131nlatma Y\u00fck\u00fcml\u00fcl\u00fc\u011f\u00fcn\u00fcn yerine getirilmesi<\/strong> uyar\u0131nca ki\u015fisel verileriniz; veri sorumlusu olarak \u015firketimiz taraf\u0131ndan ( Binted Bursa \u0130nsan Kaynaklar\u0131 Taahh\u00fct, E\u011fitim, Dan\u0131\u015fmanl\u0131k Hizmetleri, \u0130mar, \u0130n\u015faat ve Ticaret Anonim \u015eirketi &#8211; Merinos Atat\u00fcrk K\u00fclt\u00fcr ve Kongre Merkezi Ba\u015fkanl\u0131\u011f\u0131 No: K \/ 1 Osmangazi \/ Bursa Tel: 0.224.251 06 00 \u0130nternet Adresi: <a href=\"https:\/\/www.binted.com.tr\/\">www.binted.com.tr<\/a> E-Posta: <a href=\"mailto:binted@bursa.bel.tr\">binted@bursa.bel.tr<\/a>) a\u015fa\u011f\u0131da a\u00e7\u0131klanan kapsamda i\u015flenebilecektir.<\/p>\n<p>\u015eirketimiz taraf\u0131ndan ba\u015fta \u00f6zel hayat\u0131n gizlili\u011fi olmak \u00fczere, ki\u015filerin temel hak ve \u00f6zg\u00fcrl\u00fcklerini korumak ve ki\u015fisel verilerin korunmas\u0131 amac\u0131yla d\u00fczenlenen Kanun ve Y\u00f6netmelikler gere\u011fince ki\u015fisel verilerinizin hukuka ayk\u0131r\u0131 olarak i\u015flenmesini \u00f6nleme, hukuka ayk\u0131r\u0131 olarak eri\u015filmesini \u00f6nleme ve muhafazas\u0131n\u0131 sa\u011flama amac\u0131yla, uygun g\u00fcvenlik d\u00fczeyini temin etmeye y\u00f6nelik t\u00fcm teknik ve idari tedbirler al\u0131nmaktad\u0131r.<\/p>\n<p>Yasal sorumlulu\u011fumuz gere\u011fi 6698 Say\u0131l\u0131 Ki\u015fisel Verilerin Korunmas\u0131 Kanunu\u2019nda tan\u0131ml\u0131 \u015fekli ile \u201cVeri Sorumlusu\u201d s\u0131fat\u0131yla; \u00f6rnek olarak dikkatinize sundu\u011fumuz ancak bunlarla s\u0131n\u0131rl\u0131 olmayan;\u00a0 isim, soy isim, do\u011fum yeri ve tarihi, kimlik fotokopisi, adli sicil kayd\u0131, ikametg\u00e2h belgesi, askerlik durumunu g\u00f6sterir belge, telefon numaras\u0131, elektronik posta adresi, sgk numaras\u0131, vergi numaras\u0131, banka hesap numaralar\u0131, \u00f6zge\u00e7mi\u015f, foto\u011fraf, g\u00f6r\u00fcnt\u00fc ve ses kay\u0131tlar\u0131, aile ve sa\u011fl\u0131k bilgileri gibi ki\u015fiyi do\u011frudan ya da dolayl\u0131 olarak belirlenebilir k\u0131lan k\u0131saca ger\u00e7ek ki\u015fiye ili\u015fkin <strong>kimlik, ileti\u015fim ve finans kategorilerinde yer alan<\/strong> her t\u00fcrl\u00fc bilgi anlam\u0131na gelen ki\u015fisel verilerinizi a\u015fa\u011f\u0131da yapm\u0131\u015f oldu\u011fumuz a\u00e7\u0131klamalar kapsam\u0131nda ve mevzuat taraf\u0131ndan emredilen s\u0131n\u0131rlar \u00e7er\u00e7evesinde i\u015flemekteyiz.<\/p>\n<p><strong>\u00a0<\/strong><strong>K\u0130\u015e\u0130SEL VER\u0130 TOPLAMANIN Y\u00d6NTEM\u0130 VE HUKUK\u0130 SEBEB\u0130:<\/strong><\/p>\n<p>\u015eirketimizle payla\u015ft\u0131\u011f\u0131n\u0131z ki\u015fisel verileriniz, otomatik ya da otomatik olmayan y\u00f6ntemlerle s\u00f6zl\u00fc, yaz\u0131l\u0131 ya da elektronik olarak toplanabilir. Ki\u015fisel verileriniz, yukar\u0131da belirtilen i\u015flenme ama\u00e7lar\u0131 do\u011frultusunda; 6698 say\u0131l\u0131 KVK Kanunu&#8217;nun 5. maddesinin 2. f\u0131kras\u0131nda belirtilen, kanunlarda a\u00e7\u0131k\u00e7a \u00f6ng\u00f6r\u00fclmesi, s\u00f6zle\u015fmenin kurulmas\u0131 veya ifas\u0131yla do\u011frudan do\u011fruya ilgili olmas\u0131, veri sorumlusunun hukuki y\u00fck\u00fcml\u00fcl\u00fcklerini yerine getirebilmesi ve veri sorumlusunun me\u015fru menfaatleri hukuki sebeplerine dayan\u0131larak 4857 say\u0131l\u0131 \u0130\u015f Kanunu ve ilgili mevzuat do\u011frultusunda i\u015f ili\u015fkisinin kanuna uygun ve sa\u011fl\u0131kl\u0131 bir \u015fekilde y\u00fcr\u00fct\u00fclmesini sa\u011flamak amac\u0131yla \u015firketimizin s\u00f6zle\u015fme ve yasadan do\u011fan sorumluluklar\u0131n\u0131 eksiksiz ve do\u011fru bir \u015fekilde yerine getirebilmesi amac\u0131yla toplanmaktad\u0131r.<\/p>\n<p><strong>\u00a0<\/strong><strong>K\u0130\u015e\u0130SEL VER\u0130 SAH\u0130B\u0130N\u0130N KVK KANUNU&#8217;NUN 11. MADDES\u0130NE G\u00d6RE HAKLARI:<\/strong><\/p>\n<p>6698 say\u0131l\u0131 Ki\u015fisel Verilerin Korunmas\u0131 Kanunu&#8217;nun 11. maddesine g\u00f6re ki\u015fisel veri sahipleri olarak a\u015fa\u011f\u0131da say\u0131l\u0131 olan haklar\u0131n\u0131za ili\u015fkin taleplerinizle ile ilgili olarak veri sorumlusu olan \u015firketimize ba\u015fvurmak hakk\u0131n\u0131z bulunmaktad\u0131r.<\/p>\n<p>Ki\u015fisel veri sahipleri veri sorumlusuna ba\u015fvurarak kendisiyle ilgili;<\/p>\n<ol>\n<li>a) Ki\u015fisel veri i\u015flenip i\u015flenmedi\u011fini \u00f6\u011frenme,<\/li>\n<li>b) Ki\u015fisel verileri i\u015flenmi\u015fse buna ili\u015fkin bilgi talep etme,<\/li>\n<\/ol>\n<p>c ) Ki\u015fisel verilerin i\u015flenme amac\u0131n\u0131 ve bunlar\u0131n amac\u0131na uygun kullan\u0131l\u0131p kullan\u0131lmad\u0131\u011f\u0131n\u0131 \u00f6\u011frenme,<\/p>\n<p>\u00e7 ) Yurt i\u00e7inde veya yurt d\u0131\u015f\u0131nda ki\u015fisel verilerin aktar\u0131ld\u0131\u011f\u0131 \u00fc\u00e7\u00fcnc\u00fc ki\u015fileri bilme,<\/p>\n<ol>\n<li>d) Ki\u015fisel verilerin eksik veya yanl\u0131\u015f i\u015flenmi\u015f olmas\u0131 h\u00e2linde bunlar\u0131n d\u00fczeltilmesini isteme<\/li>\n<li>e) KVK Kanunu\u2019nun 7.maddesinde \u00f6ng\u00f6r\u00fclen \u015fartlar \u00e7er\u00e7evesinde ki\u015fisel verilerin silinmesini veya yok edilmesini isteme,<\/li>\n<li>f) ( d ) ve ( e ) bentleri uyar\u0131nca yap\u0131lan i\u015flemlerin, ki\u015fisel verilerin aktar\u0131ld\u0131\u011f\u0131 \u00fc\u00e7\u00fcnc\u00fc ki\u015filere bildirilmesini isteme,<\/li>\n<li>g) \u0130\u015flenen verilerin m\u00fcnhas\u0131ran otomatik sistemler vas\u0131tas\u0131yla analiz edilmesi suretiyle ki\u015finin kendisi aleyhine bir sonucun ortaya \u00e7\u0131kmas\u0131na itiraz etme,<\/li>\n<\/ol>\n<p>\u011f)\u00a0 Ki\u015fisel verilerin kanuna ayk\u0131r\u0131 olarak i\u015flenmesi sebebiyle zarara u\u011framas\u0131 h\u00e2linde zarar\u0131n giderilmesini talep etme, haklar\u0131na sahiptir.<\/p>\n<p>\u0130lgili ki\u015fi haklar\u0131na ili\u015fkin taleplerini \u015firketimizin a\u015fa\u011f\u0131da yaz\u0131l\u0131 adresine noter arac\u0131l\u0131\u011f\u0131yla g\u00f6nderece\u011fi ihtarname ile kimlik ibraz etmek suretiyle \u015fahsen ba\u015fvuru y\u00f6ntemiyle yaz\u0131l\u0131 olarak bildirilebilir. Talepler en ge\u00e7 30 i\u015f g\u00fcn\u00fc i\u00e7erisinde \u00fccretsiz olarak de\u011ferlendirilip karara ba\u011flanacakt\u0131r. De\u011ferlendirme ve karar verme i\u015fleminin ayr\u0131ca bir maliyet gerektirmesi durumunda Ki\u015fisel Verileri Koruma Kurulu taraf\u0131ndan belirlenen tarifedeki \u00fccret esas al\u0131nacakt\u0131r.<\/p>\n<p>6698 Say\u0131l\u0131 Ki\u015fisel Verilerin Korunmas\u0131 Kanununun \u201c\u0130lgili ki\u015finin haklar\u0131n\u0131 d\u00fczenleyen\u201d \u00a011. maddesi kapsam\u0131ndaki taleplerinizi, 10.03.2018 tarih ve 30356 say\u0131l\u0131 Resmi Gazete&#8217;de yay\u0131mlanarak y\u00fcr\u00fcrl\u00fc\u011fe giren <u>Veri Sorumlusuna Ba\u015fvuru Usul ve Esaslar\u0131 Hakk\u0131nda Tebli\u011f &#8216;e <\/u>g\u00f6re \u015firketimize iletebilirsiniz.<\/p>\n<p>\u0130nternet sitemizde kulland\u0131\u011f\u0131m\u0131z \u00e7erezler hakk\u0131nda bilgi almak i\u00e7in l\u00fctfen \u00e7erez politikam\u0131z\u0131 inceleyiniz.<\/p>\n<p>Ayd\u0131nlatma metnine <u>wwww.binted.com.tr<\/u> web sayfam\u0131zdan ula\u015fabilirsiniz.<\/p>\n<p>Sayg\u0131lar\u0131m\u0131zla arz ederiz.<\/p>\n","protected":false},"excerpt":{"rendered":"<p>B\u0130NTED BURSA \u0130NSAN KAYNAKLARI TAAHH\u00dcT E\u011e\u0130T\u0130M DANI\u015eMANLIK H\u0130ZMETLER\u0130, \u0130MAR \u0130N\u015eAAT VE T\u0130CARET A. \u015e. \u00a06698 SAYILI K\u0130\u015e\u0130SEL VER\u0130LER\u0130N KORUNMASI KANUNU KAPSAMINDA AYDINLATMA METN\u0130 Bu ayd\u0131nlatma metni 6698 Say\u0131l\u0131 Ki\u015fisel Verilerin Korunmas\u0131 Kanunu&#8217;nun \u201c Veri Sorumlusunun Ayd\u0131nlatma Y\u00fck\u00fcml\u00fcl\u00fc\u011f\u00fc &#8216;n\u00fc \u201c d\u00fczenleyen 10. maddesi ile Ayd\u0131nlatma Y\u00fck\u00fcml\u00fcl\u00fc\u011f\u00fcn\u00fcn Yerine Getirilmesinde Uyulacak Usul ve Esaslar Hakk\u0131nda Tebli\u011f kapsam\u0131nda veri [&hellip;]<\/p>\n","protected":false},"author":2,"featured_media":4254,"parent":0,"menu_order":0,"comment_status":"closed","ping_status":"closed","template":"","meta":{"footnotes":""},"_links":{"self":[{"href":"https:\/\/www.binted.com.tr\/index.php?rest_route=\/wp\/v2\/pages\/4817"}],"collection":[{"href":"https:\/\/www.binted.com.tr\/index.php?rest_route=\/wp\/v2\/pages"}],"about":[{"href":"https:\/\/www.binted.com.tr\/index.php?rest_route=\/wp\/v2\/types\/page"}],"author":[{"embeddable":true,"href":"https:\/\/www.binted.com.tr\/index.php?rest_route=\/wp\/v2\/users\/2"}],"replies":[{"embeddable":true,"href":"https:\/\/www.binted.com.tr\/index.php?rest_route=%2Fwp%2Fv2%2Fcomments&post=4817"}],"version-history":[{"count":17,"href":"https:\/\/www.binted.com.tr\/index.php?rest_route=\/wp\/v2\/pages\/4817\/revisions"}],"predecessor-version":[{"id":5581,"href":"https:\/\/www.binted.com.tr\/index.php?rest_route=\/wp\/v2\/pages\/4817\/revisions\/5581"}],"wp:featuredmedia":[{"embeddable":true,"href":"https:\/\/www.binted.com.tr\/index.php?rest_route=\/wp\/v2\/media\/4254"}],"wp:attachment":[{"href":"https:\/\/www.binted.com.tr\/index.php?rest_route=%2Fwp%2Fv2%2Fmedia&parent=4817"}],"curies":[{"name":"wp","href":"https:\/\/api.w.org\/{rel}","templated":true}]}}