{"id":2134,"date":"2018-03-13T17:04:37","date_gmt":"2018-03-13T14:04:37","guid":{"rendered":"http:\/\/www.binted.com.tr\/?page_id=2134"},"modified":"2023-10-04T17:37:50","modified_gmt":"2023-10-04T14:37:50","slug":"mevzuat-ve-kanunlar","status":"publish","type":"page","link":"https:\/\/www.binted.com.tr\/?page_id=2134","title":{"rendered":"Mevzuat ve Kanunlar"},"content":{"rendered":"<h3 style=\"text-align: left;\"><span style=\"color: #ffffff;\">4857\u00a0 \u00a0\u0130\u015e KANUNU<\/span><\/h3>\n<p style=\"text-align: left;\"><span style=\"color: #ffffff;\">19594\u00a0 \u00a0\u00a0<a style=\"color: #ffffff;\" href=\"http:\/\/www.mevzuat.gov.tr\/Metin.Aspx?MevzuatKod=7.5.19594&amp;MevzuatIliski=0&amp;sourceXmlSearch=\">GENEL SA\u011eLIK S\u0130GORTASI TESC\u0130L, PR\u0130M VE M\u00dcSTEHAKLIK \u0130\u015eLEMLER\u0130 Y\u00d6NETMEL\u0130\u011e\u0130<\/a><\/span><\/p>\n<p style=\"text-align: left;\"><span style=\"color: #ffffff;\">13973\u00a0 \u00a0\u00a0<a style=\"color: #ffffff;\" href=\"http:\/\/www.mevzuat.gov.tr\/Metin.Aspx?MevzuatKod=7.5.13973&amp;MevzuatIliski=0&amp;sourceXmlSearch=\">SOSYAL S\u0130GORTA \u0130\u015eLEMLER\u0130 Y\u00d6NETMEL\u0130\u011e\u0130<\/a><\/span><\/p>\n<p style=\"text-align: left;\"><span style=\"color: #ffffff;\">23024\u00a0 \u00a0<a style=\"color: #ffffff;\" href=\"http:\/\/www.mevzuat.gov.tr\/Metin.Aspx?MevzuatKod=7.5.23024&amp;MevzuatIliski=0&amp;sourceXmlSearch=ANALIK\">ANALIK \u0130ZN\u0130 VEYA \u00dcCRETS\u0130Z \u0130Z\u0130N SONRASI YAPILACAK KISM\u0130 S\u00dcREL\u0130 \u00c7ALI\u015eMALAR HAKKINDA Y\u00d6NETMEL\u0130K<\/a><\/span><\/p>\n<p style=\"text-align: left;\"><span style=\"color: #ffffff;\">5421\u00a0 \u00a0 \u00a0<a style=\"color: #ffffff;\" href=\"http:\/\/www.mevzuat.gov.tr\/Metin.Aspx?MevzuatKod=7.5.5451&amp;sourceXmlSearch=&amp;MevzuatIliski=0\">YILLIK \u00dcCRETL\u0130 \u0130Z\u0130N Y\u00d6NETMEL\u0130\u011e\u0130<\/a><\/span><\/p>\n<p style=\"text-align: left;\"><span style=\"color: #ffffff;\"><a style=\"color: #ffffff;\" href=\"http:\/\/www.mevzuat.gov.tr\/Metin.Aspx?MevzuatKod=7.5.6249&amp;MevzuatIliski=0&amp;sourceXmlSearch\">\u00a0\u0130\u015e KANUNUNA \u0130L\u0130\u015eK\u0130N FAZLA \u00c7ALI\u015eMA VE FAZLA S\u00dcRELERLE \u00c7ALI\u015eMA Y\u00d6NETMEL\u0130\u011e\u0130<\/a><\/span><\/p>\n<p style=\"text-align: left;\"><span style=\"color: #ffffff;\"><a style=\"color: #ffffff;\" href=\"http:\/\/www.mevzuat.gov.tr\/Metin.Aspx?MevzuatKod=7.5.5454&amp;MevzuatIliski=0&amp;sourceXmlSearch=\">ASGAR\u0130 \u00dcCRET Y\u00d6NETMEL\u0130\u011e\u0130<\/a><\/span><\/p>\n<p style=\"text-align: left;\"><span style=\"color: #ffffff;\"><a style=\"color: #ffffff;\" href=\"http:\/\/www.mevzuat.gov.tr\/Metin.Aspx?MevzuatKod=7.5.18728&amp;MevzuatIliski=0&amp;sourceXmlSearch=\">GEBE VEYA EMZ\u0130REN KADINLARIN \u00c7ALI\u015eTIRILMA \u015eARTLARIYLA EMZ\u0130RME ODALARI VE \u00c7OCUK BAKIM YURTLARINA DA\u0130R Y\u00d6NETMEL\u0130K<\/a><\/span><\/p>\n<p style=\"text-align: left;\"><span style=\"color: #ffffff;\"><a style=\"color: #ffffff;\" href=\"http:\/\/www.mevzuat.gov.tr\/Metin.Aspx?MevzuatKod=7.5.5447&amp;MevzuatIliski=0&amp;sourceXmlSearch=\">\u0130\u015e KANUNUNA \u0130L\u0130\u015eK\u0130N \u00c7ALI\u015eMA S\u00dcRELER\u0130 Y\u00d6NETMEL\u0130\u011e\u0130<\/a><\/span><\/p>\n<p style=\"text-align: left;\"><span style=\"color: #ffffff;\"><a style=\"color: #ffffff;\" href=\"http:\/\/www.mevzuat.gov.tr\/Metin.Aspx?MevzuatKod=7.5.18628&amp;MevzuatIliski=0&amp;sourceXmlSearch=\">KADIN \u00c7ALI\u015eANLARIN GECE POSTALARINDA \u00c7ALI\u015eTIRILMA KO\u015eULLARI HAKKINDA Y\u00d6NETMEL\u0130K<\/a><\/span><\/p>\n<p style=\"text-align: left;\"><span style=\"color: #ffffff;\"><a style=\"color: #ffffff;\" href=\"http:\/\/www.mevzuat.gov.tr\/Metin.Aspx?MevzuatKod=7.5.6252&amp;MevzuatIliski=0&amp;sourceXmlSearch=\">POSTALAR HAL\u0130NDE \u0130\u015e\u00c7\u0130 \u00c7ALI\u015eTIRILARAK Y\u00dcR\u00dcT\u00dcLEN \u0130\u015eLERDE \u00c7ALI\u015eMALARA \u0130L\u0130\u015eK\u0130N \u00d6ZEL USUL VE ESASLAR HAKKINDA Y\u00d6NETMEL\u0130K<\/a><\/span><\/p>\n<p style=\"text-align: left;\"><span style=\"color: #ffffff;\"><a style=\"color: #ffffff;\" href=\"http:\/\/www.mevzuat.gov.tr\/Metin.Aspx?MevzuatKod=7.5.13973&amp;MevzuatIliski=0&amp;sourceXmlSearch=\">SOSYAL S\u0130GORTA \u0130\u015eLEMLER\u0130 Y\u00d6NETMEL\u0130\u011e\u0130<\/a><\/span><\/p>\n<h4 style=\"text-align: left;\"><span style=\"color: #ffffff;\">6331\u00a0 \u00a0\u0130\u015e SA\u011eLI\u011eI VE G\u00dcVENL\u0130\u011e\u0130 KANUNU<\/span><\/h4>\n<p style=\"text-align: left;\"><span style=\"color: #ffffff;\">18371\u00a0 \u00a0\u00a0<a style=\"color: #ffffff;\" href=\"http:\/\/www.mevzuat.gov.tr\/Metin.Aspx?MevzuatKod=7.5.18371&amp;MevzuatIliski=0&amp;sourceXmlSearch=\">\u00c7ALI\u015eANLARIN \u0130\u015e SA\u011eLI\u011eI VE G\u00dcVENL\u0130\u011e\u0130 E\u011e\u0130T\u0130MLER\u0130N\u0130N USUL VE ESASLARI HAKKINDA Y\u00d6NETMEL\u0130K<\/a><\/span><\/p>\n<p style=\"text-align: left;\"><span style=\"color: #ffffff;\">18647\u00a0 \u00a0<a style=\"color: #ffffff;\" href=\"http:\/\/www.mevzuat.gov.tr\/Metin.Aspx?MevzuatKod=7.5.18647&amp;MevzuatIliski=0&amp;sourceXmlSearch=\">\u00c7ALI\u015eANLARIN G\u00dcR\u00dcLT\u00dc \u0130LE \u0130LG\u0130L\u0130 R\u0130SKLERDEN KORUNMALARINA DA\u0130R Y\u00d6NETMEL\u0130K<\/a><\/span><\/p>\n<p style=\"text-align: left;\"><span style=\"color: #ffffff;\">18335\u00a0 \u00a0<a style=\"color: #ffffff;\" href=\"http:\/\/www.mevzuat.gov.tr\/Metin.Aspx?MevzuatKod=7.5.18335&amp;MevzuatIliski=0&amp;sourceXmlSearch=\">\u00c7ALI\u015eANLARIN PATLAYICI ORTAMLARIN TEHL\u0130KELER\u0130NDEN KORUNMASI HAKKINDA Y\u00d6NETMEL\u0130K<\/a><\/span><\/p>\n<p style=\"text-align: left;\"><span style=\"color: #ffffff;\">18759\u00a0 \u00a0<a style=\"color: #ffffff;\" href=\"http:\/\/www.mevzuat.gov.tr\/Metin.Aspx?MevzuatKod=7.5.18759&amp;MevzuatIliski=0&amp;sourceXmlSearch=\">\u00c7ALI\u015eANLARIN T\u0130TRE\u015e\u0130MLE \u0130LG\u0130L\u0130 R\u0130SKLERDEN KORUNMALARINA DA\u0130R Y\u00d6NETMEL\u0130K<\/a><\/span><\/p>\n<p style=\"text-align: left;\"><span style=\"color: #ffffff;\">18318\u00a0 \u00a0<a style=\"color: #ffffff;\" href=\"http:\/\/www.mevzuat.gov.tr\/Metin.Aspx?MevzuatKod=7.5.18318&amp;MevzuatIliski=0&amp;sourceXmlSearch=\">\u0130\u015e EK\u0130PMANLARININ KULLANIMINDA SA\u011eLIK VE G\u00dcVENL\u0130K \u015eARTLARI Y\u00d6NETMEL\u0130\u011e\u0130<\/a><\/span><\/p>\n<p style=\"text-align: left;\"><span style=\"color: #ffffff;\">16924\u00a0 \u00a0<a style=\"color: #ffffff;\" href=\"http:\/\/www.mevzuat.gov.tr\/Metin.Aspx?MevzuatKod=7.5.16924&amp;MevzuatIliski=0&amp;sourceXmlSearch=\">\u0130\u015e SA\u011eLI\u011eI VE G\u00dcVENL\u0130\u011e\u0130 H\u0130ZMETLER\u0130 Y\u00d6NETMEL\u0130\u011e\u0130<\/a><\/span><\/p>\n<p style=\"text-align: left;\"><span style=\"color: #ffffff;\">19151\u00a0 \u00a0<a style=\"color: #ffffff;\" href=\"http:\/\/www.mevzuat.gov.tr\/Metin.Aspx?MevzuatKod=7.5.19151&amp;MevzuatIliski=0&amp;sourceXmlSearch=\">\u00a0\u0130\u015e SA\u011eLI\u011eI VE G\u00dcVENL\u0130\u011e\u0130 H\u0130ZMETLER\u0130N\u0130N DESTEKLENMES\u0130 HAKKINDA Y\u00d6NETMEL\u0130K<\/a><\/span><\/p>\n<p style=\"text-align: left;\"><span style=\"color: #ffffff;\">17031\u00a0 \u00a0\u00a0<a style=\"color: #ffffff;\" href=\"http:\/\/www.mevzuat.gov.tr\/Metin.Aspx?MevzuatKod=7.5.17031&amp;MevzuatIliski=0&amp;sourceXmlSearch=\">\u0130\u015e SA\u011eLI\u011eI VE G\u00dcVENL\u0130\u011e\u0130 KURULLARI HAKKINDA Y\u00d6NETMEL\u0130K<\/a><\/span><\/p>\n<p style=\"text-align: left;\"><span style=\"color: #ffffff;\">16925\u00a0 \u00a0<a style=\"color: #ffffff;\" href=\"http:\/\/www.mevzuat.gov.tr\/Metin.Aspx?MevzuatKod=7.5.5461&amp;MevzuatIliski=0&amp;sourceXmlSearch=\">\u0130\u015e SA\u011eLI\u011eI VE G\u00dcVENL\u0130\u011e\u0130 Y\u00d6NETMEL\u0130\u011e\u0130<\/a><\/span><\/p>\n<p style=\"text-align: left;\"><span style=\"color: #ffffff;\">10808\u00a0\u00a0<a style=\"color: #ffffff;\" href=\"http:\/\/www.mevzuat.gov.tr\/Metin.Aspx?MevzuatKod=7.5.18493&amp;MevzuatIliski=0&amp;sourceXmlSearch=\">\u0130\u015eYERLER\u0130NDE AC\u0130L DURUMLAR HAKKINDA Y\u00d6NETMEL\u0130K<\/a><\/span><\/p>\n<p style=\"text-align: left;\"><span style=\"color: #ffffff;\">18540\u00a0 \u00a0<a style=\"color: #ffffff;\" href=\"http:\/\/www.mevzuat.gov.tr\/Metin.Aspx?MevzuatKod=7.5.10808&amp;MevzuatIliski=0&amp;sourceXmlSearch=\">K\u0130\u015e\u0130SEL KORUYUCU DONANIM Y\u00d6NETMEL\u0130\u011e\u0130<\/a><\/span><\/p>\n<p style=\"text-align: left;\"><span style=\"color: #ffffff;\">8581\u00a0 \u00a0 \u00a0<a style=\"color: #ffffff;\" href=\"http:\/\/www.mevzuat.gov.tr\/Metin.Aspx?MevzuatKod=7.5.18540&amp;MevzuatIliski=0&amp;sourceXmlSearch=\">K\u0130\u015e\u0130SEL KORUYUCU DONANIMLARIN \u0130\u015eYERLER\u0130NDE KULLANILMASI HAKKINDA Y\u00d6NETMEL\u0130K<\/a><\/span><\/p>\n<p style=\"text-align: left;\"><span style=\"color: #ffffff;\">5461\u00a0 \u00a0\u00a0<a style=\"color: #ffffff;\" href=\"http:\/\/www.mevzuat.gov.tr\/Metin.Aspx?MevzuatKod=7.5.18581&amp;MevzuatIliski=0&amp;sourceXmlSearch=\">TEHL\u0130KEL\u0130 VE \u00c7OK TEHL\u0130KEL\u0130 SINIFTA YER ALAN \u0130\u015eLERDE \u00c7ALI\u015eTIRILACAKLARIN MESLEK\u0130 E\u011e\u0130T\u0130MLER\u0130NE DA\u0130R Y\u00d6NETMEL\u0130K<\/a><\/span><\/p>\n","protected":false},"excerpt":{"rendered":"<p>4857\u00a0 \u00a0\u0130\u015e KANUNU 19594\u00a0 \u00a0\u00a0GENEL SA\u011eLIK S\u0130GORTASI TESC\u0130L, PR\u0130M VE M\u00dcSTEHAKLIK \u0130\u015eLEMLER\u0130 Y\u00d6NETMEL\u0130\u011e\u0130 13973\u00a0 \u00a0\u00a0SOSYAL S\u0130GORTA \u0130\u015eLEMLER\u0130 Y\u00d6NETMEL\u0130\u011e\u0130 23024\u00a0 \u00a0ANALIK \u0130ZN\u0130 VEYA \u00dcCRETS\u0130Z \u0130Z\u0130N SONRASI YAPILACAK KISM\u0130 S\u00dcREL\u0130 \u00c7ALI\u015eMALAR HAKKINDA Y\u00d6NETMEL\u0130K 5421\u00a0 \u00a0 \u00a0YILLIK \u00dcCRETL\u0130 \u0130Z\u0130N Y\u00d6NETMEL\u0130\u011e\u0130 \u00a0\u0130\u015e KANUNUNA \u0130L\u0130\u015eK\u0130N FAZLA \u00c7ALI\u015eMA VE FAZLA S\u00dcRELERLE \u00c7ALI\u015eMA Y\u00d6NETMEL\u0130\u011e\u0130 ASGAR\u0130 \u00dcCRET Y\u00d6NETMEL\u0130\u011e\u0130 GEBE VEYA EMZ\u0130REN KADINLARIN \u00c7ALI\u015eTIRILMA [&hellip;]<\/p>\n","protected":false},"author":2,"featured_media":4254,"parent":2124,"menu_order":5,"comment_status":"closed","ping_status":"closed","template":"","meta":{"footnotes":""},"_links":{"self":[{"href":"https:\/\/www.binted.com.tr\/index.php?rest_route=\/wp\/v2\/pages\/2134"}],"collection":[{"href":"https:\/\/www.binted.com.tr\/index.php?rest_route=\/wp\/v2\/pages"}],"about":[{"href":"https:\/\/www.binted.com.tr\/index.php?rest_route=\/wp\/v2\/types\/page"}],"author":[{"embeddable":true,"href":"https:\/\/www.binted.com.tr\/index.php?rest_route=\/wp\/v2\/users\/2"}],"replies":[{"embeddable":true,"href":"https:\/\/www.binted.com.tr\/index.php?rest_route=%2Fwp%2Fv2%2Fcomments&post=2134"}],"version-history":[{"count":16,"href":"https:\/\/www.binted.com.tr\/index.php?rest_route=\/wp\/v2\/pages\/2134\/revisions"}],"predecessor-version":[{"id":5520,"href":"https:\/\/www.binted.com.tr\/index.php?rest_route=\/wp\/v2\/pages\/2134\/revisions\/5520"}],"up":[{"embeddable":true,"href":"https:\/\/www.binted.com.tr\/index.php?rest_route=\/wp\/v2\/pages\/2124"}],"wp:featuredmedia":[{"embeddable":true,"href":"https:\/\/www.binted.com.tr\/index.php?rest_route=\/wp\/v2\/media\/4254"}],"wp:attachment":[{"href":"https:\/\/www.binted.com.tr\/index.php?rest_route=%2Fwp%2Fv2%2Fmedia&parent=2134"}],"curies":[{"name":"wp","href":"https:\/\/api.w.org\/{rel}","templated":true}]}}