{"id":2132,"date":"2018-03-13T17:04:10","date_gmt":"2018-03-13T14:04:10","guid":{"rendered":"http:\/\/www.binted.com.tr\/?page_id=2132"},"modified":"2026-01-16T11:17:53","modified_gmt":"2026-01-16T08:17:53","slug":"is-basvurusu","status":"publish","type":"page","link":"https:\/\/www.binted.com.tr\/?page_id=2132","title":{"rendered":"\u0130\u015f Ba\u015fvurusu"},"content":{"rendered":"<p>[vc_row][vc_column][vc_column_text css_animation=&#8221;zoomIn&#8221;]<\/p>\n<p>\u00c7al\u0131\u015fma arkada\u015f\u0131m\u0131z olmak i\u00e7in<a href=\"http:\/\/bursaisofisi.bursa.bel.tr\"><span style=\"color: #00ffff;\"><strong> bursaisofisi.bursa.bel.tr <\/strong><\/span><\/a>adresinden binted ilanlar\u0131na ba\u015fvurman\u0131z\u0131 \u00f6nemle rica ederiz.<\/p>\n<p><a href=\"https:\/\/www.binted.com.tr\/wp-content\/uploads\/2026\/01\/banner-yeni-1.png\"><img loading=\"lazy\" decoding=\"async\" class=\"alignnone wp-image-5693 \" src=\"https:\/\/www.binted.com.tr\/wp-content\/uploads\/2026\/01\/banner-yeni-1-1024x320.png\" alt=\"\" width=\"642\" height=\"201\" srcset=\"https:\/\/www.binted.com.tr\/wp-content\/uploads\/2026\/01\/banner-yeni-1-1024x320.png 1024w, https:\/\/www.binted.com.tr\/wp-content\/uploads\/2026\/01\/banner-yeni-1-300x94.png 300w, https:\/\/www.binted.com.tr\/wp-content\/uploads\/2026\/01\/banner-yeni-1-768x240.png 768w, https:\/\/www.binted.com.tr\/wp-content\/uploads\/2026\/01\/banner-yeni-1-1536x480.png 1536w, https:\/\/www.binted.com.tr\/wp-content\/uploads\/2026\/01\/banner-yeni-1.png 1920w\" sizes=\"(max-width: 642px) 100vw, 642px\" \/><\/a><\/p>\n<p style=\"text-align: left;\">\u00c7al\u0131\u015fma arkada\u015f\u0131m\u0131z olmak i\u00e7in<span style=\"color: #00ffff;\"><strong> <a style=\"color: #00ffff;\" href=\"https:\/\/iskur.gov.tr\/\">www.iskur.gov.tr\u00a0<\/a> <\/strong><\/span>binted ilanlar\u0131na ba\u015fvurman\u0131z\u0131 \u00f6nemle rica ederiz.<img loading=\"lazy\" decoding=\"async\" class=\"alignleft wp-image-5093 \" src=\"https:\/\/www.binted.com.tr\/wp-content\/uploads\/2021\/10\/135127_569910aac03c0e581477c86b-1.jpg\" alt=\"\" width=\"644\" height=\"272\" srcset=\"https:\/\/www.binted.com.tr\/wp-content\/uploads\/2021\/10\/135127_569910aac03c0e581477c86b-1.jpg 2835w, https:\/\/www.binted.com.tr\/wp-content\/uploads\/2021\/10\/135127_569910aac03c0e581477c86b-1-300x127.jpg 300w, https:\/\/www.binted.com.tr\/wp-content\/uploads\/2021\/10\/135127_569910aac03c0e581477c86b-1-768x324.jpg 768w, https:\/\/www.binted.com.tr\/wp-content\/uploads\/2021\/10\/135127_569910aac03c0e581477c86b-1-1024x432.jpg 1024w\" sizes=\"(max-width: 644px) 100vw, 644px\" \/><\/p>\n<p>&nbsp;<\/p>\n<p>&nbsp;<\/p>\n<p>&nbsp;<\/p>\n<p>&nbsp;<\/p>\n<p>&nbsp;<\/p>\n<p>&nbsp;<\/p>\n<p>&nbsp;<\/p>\n<p>&nbsp;<\/p>\n<p>[\/vc_column_text][\/vc_column][\/vc_row]<\/p>\n","protected":false},"excerpt":{"rendered":"<p>[vc_row][vc_column][vc_column_text css_animation=&#8221;zoomIn&#8221;] \u00c7al\u0131\u015fma arkada\u015f\u0131m\u0131z olmak i\u00e7in bursaisofisi.bursa.bel.tr adresinden binted ilanlar\u0131na ba\u015fvurman\u0131z\u0131 \u00f6nemle rica ederiz. \u00c7al\u0131\u015fma arkada\u015f\u0131m\u0131z olmak i\u00e7in www.iskur.gov.tr\u00a0 binted ilanlar\u0131na ba\u015fvurman\u0131z\u0131 \u00f6nemle rica ederiz. &nbsp; &nbsp; &nbsp; &nbsp; &nbsp; &nbsp; &nbsp; &nbsp; [\/vc_column_text][\/vc_column][\/vc_row]<\/p>\n","protected":false},"author":2,"featured_media":4254,"parent":2124,"menu_order":4,"comment_status":"closed","ping_status":"closed","template":"","meta":{"footnotes":""},"_links":{"self":[{"href":"https:\/\/www.binted.com.tr\/index.php?rest_route=\/wp\/v2\/pages\/2132"}],"collection":[{"href":"https:\/\/www.binted.com.tr\/index.php?rest_route=\/wp\/v2\/pages"}],"about":[{"href":"https:\/\/www.binted.com.tr\/index.php?rest_route=\/wp\/v2\/types\/page"}],"author":[{"embeddable":true,"href":"https:\/\/www.binted.com.tr\/index.php?rest_route=\/wp\/v2\/users\/2"}],"replies":[{"embeddable":true,"href":"https:\/\/www.binted.com.tr\/index.php?rest_route=%2Fwp%2Fv2%2Fcomments&post=2132"}],"version-history":[{"count":42,"href":"https:\/\/www.binted.com.tr\/index.php?rest_route=\/wp\/v2\/pages\/2132\/revisions"}],"predecessor-version":[{"id":5699,"href":"https:\/\/www.binted.com.tr\/index.php?rest_route=\/wp\/v2\/pages\/2132\/revisions\/5699"}],"up":[{"embeddable":true,"href":"https:\/\/www.binted.com.tr\/index.php?rest_route=\/wp\/v2\/pages\/2124"}],"wp:featuredmedia":[{"embeddable":true,"href":"https:\/\/www.binted.com.tr\/index.php?rest_route=\/wp\/v2\/media\/4254"}],"wp:attachment":[{"href":"https:\/\/www.binted.com.tr\/index.php?rest_route=%2Fwp%2Fv2%2Fmedia&parent=2132"}],"curies":[{"name":"wp","href":"https:\/\/api.w.org\/{rel}","templated":true}]}}