{"id":2130,"date":"2018-03-13T17:03:48","date_gmt":"2018-03-13T14:03:48","guid":{"rendered":"http:\/\/www.binted.com.tr\/?page_id=2130"},"modified":"2020-03-30T13:38:56","modified_gmt":"2020-03-30T10:38:56","slug":"anketler-formlar","status":"publish","type":"page","link":"https:\/\/www.binted.com.tr\/?page_id=2130","title":{"rendered":"Anketler ve Formlar"},"content":{"rendered":"<p>\u00c7al\u0131\u015fmalar\u0131m\u0131z devam ediyor<\/p>\n","protected":false},"excerpt":{"rendered":"<p>\u00c7al\u0131\u015fmalar\u0131m\u0131z devam ediyor<\/p>\n","protected":false},"author":2,"featured_media":4254,"parent":2124,"menu_order":3,"comment_status":"closed","ping_status":"closed","template":"","meta":{"footnotes":""},"_links":{"self":[{"href":"https:\/\/www.binted.com.tr\/index.php?rest_route=\/wp\/v2\/pages\/2130"}],"collection":[{"href":"https:\/\/www.binted.com.tr\/index.php?rest_route=\/wp\/v2\/pages"}],"about":[{"href":"https:\/\/www.binted.com.tr\/index.php?rest_route=\/wp\/v2\/types\/page"}],"author":[{"embeddable":true,"href":"https:\/\/www.binted.com.tr\/index.php?rest_route=\/wp\/v2\/users\/2"}],"replies":[{"embeddable":true,"href":"https:\/\/www.binted.com.tr\/index.php?rest_route=%2Fwp%2Fv2%2Fcomments&post=2130"}],"version-history":[{"count":13,"href":"https:\/\/www.binted.com.tr\/index.php?rest_route=\/wp\/v2\/pages\/2130\/revisions"}],"predecessor-version":[{"id":4752,"href":"https:\/\/www.binted.com.tr\/index.php?rest_route=\/wp\/v2\/pages\/2130\/revisions\/4752"}],"up":[{"embeddable":true,"href":"https:\/\/www.binted.com.tr\/index.php?rest_route=\/wp\/v2\/pages\/2124"}],"wp:featuredmedia":[{"embeddable":true,"href":"https:\/\/www.binted.com.tr\/index.php?rest_route=\/wp\/v2\/media\/4254"}],"wp:attachment":[{"href":"https:\/\/www.binted.com.tr\/index.php?rest_route=%2Fwp%2Fv2%2Fmedia&parent=2130"}],"curies":[{"name":"wp","href":"https:\/\/api.w.org\/{rel}","templated":true}]}}