{"id":2126,"date":"2018-03-13T17:02:54","date_gmt":"2018-03-13T14:02:54","guid":{"rendered":"http:\/\/www.binted.com.tr\/?page_id=2126"},"modified":"2020-03-30T13:33:08","modified_gmt":"2020-03-30T10:33:08","slug":"is-sagligi-ve-guvenligi","status":"publish","type":"page","link":"https:\/\/www.binted.com.tr\/?page_id=2126","title":{"rendered":"\u0130SG Politikam\u0131z"},"content":{"rendered":"<p style=\"text-align: left;\">B\u0130NTED olarak;<\/p>\n<p style=\"text-align: left;\">T\u00fcm faaliyetlerimizde, insan\u0131 en de\u011ferli varl\u0131k olarak kabul ederek,<\/p>\n<p style=\"text-align: left;\">T\u00fcm \u00e7al\u0131\u015fanlar\u0131m\u0131z\u0131n, mesleki sa\u011fl\u0131k ve g\u00fcvenliklerini korumak, olas\u0131 i\u015f kazalar\u0131 ve meslek hastal\u0131klar\u0131n\u0131n etkilerini en aza indirmek ve bu do\u011frultuda i\u015f ve hizmet \u00fcretiminde verimlilik ve kaliteyi sa\u011flayabilmek i\u00e7in \u0130\u015f Sa\u011fl\u0131\u011f\u0131 ve G\u00fcvenli\u011fi Mevzuat\u0131na uygun hareket etmeyi,<\/p>\n<p style=\"text-align: left;\">Daha g\u00fcvenli ve sa\u011fl\u0131kl\u0131 bir \u00e7al\u0131\u015fma ortam\u0131 sa\u011flayarak, olu\u015fabilecek her t\u00fcrl\u00fc kay\u0131plar\u0131 en aza indirmeyi, \u00f6ncelikli i\u015f hedefi olarak benimsemeyi,<\/p>\n<p style=\"text-align: left;\">T\u00fcm \u00e7al\u0131\u015fanlar\u0131n g\u00fcvenlik k\u00fclt\u00fcr\u00fcn\u00fc benimseyip uygulamas\u0131 i\u00e7in e\u011fitim faaliyetlerini s\u00fcrd\u00fcrmeyi,<\/p>\n<p style=\"text-align: left;\">Bu konuda yap\u0131lacak faaliyetler i\u00e7in kaynak ay\u0131rmay\u0131 ve t\u00fcm alanlarda \u0130SG Sistemimizin s\u00fcrekli geli\u015fmesini sa\u011flamay\u0131,<\/p>\n<p style=\"text-align: left;\">Bu sekt\u00f6rde \u00f6rnek bir kurulu\u015f olmay\u0131 taahh\u00fct eder.<\/p>\n","protected":false},"excerpt":{"rendered":"<p>B\u0130NTED olarak; T\u00fcm faaliyetlerimizde, insan\u0131 en de\u011ferli varl\u0131k olarak kabul ederek, T\u00fcm \u00e7al\u0131\u015fanlar\u0131m\u0131z\u0131n, mesleki sa\u011fl\u0131k ve g\u00fcvenliklerini korumak, olas\u0131 i\u015f kazalar\u0131 ve meslek hastal\u0131klar\u0131n\u0131n etkilerini en aza indirmek ve bu do\u011frultuda i\u015f ve hizmet \u00fcretiminde verimlilik ve kaliteyi sa\u011flayabilmek i\u00e7in \u0130\u015f Sa\u011fl\u0131\u011f\u0131 ve G\u00fcvenli\u011fi Mevzuat\u0131na uygun hareket etmeyi, Daha g\u00fcvenli ve sa\u011fl\u0131kl\u0131 bir \u00e7al\u0131\u015fma ortam\u0131 [&hellip;]<\/p>\n","protected":false},"author":2,"featured_media":4254,"parent":2124,"menu_order":1,"comment_status":"closed","ping_status":"closed","template":"","meta":{"footnotes":""},"_links":{"self":[{"href":"https:\/\/www.binted.com.tr\/index.php?rest_route=\/wp\/v2\/pages\/2126"}],"collection":[{"href":"https:\/\/www.binted.com.tr\/index.php?rest_route=\/wp\/v2\/pages"}],"about":[{"href":"https:\/\/www.binted.com.tr\/index.php?rest_route=\/wp\/v2\/types\/page"}],"author":[{"embeddable":true,"href":"https:\/\/www.binted.com.tr\/index.php?rest_route=\/wp\/v2\/users\/2"}],"replies":[{"embeddable":true,"href":"https:\/\/www.binted.com.tr\/index.php?rest_route=%2Fwp%2Fv2%2Fcomments&post=2126"}],"version-history":[{"count":14,"href":"https:\/\/www.binted.com.tr\/index.php?rest_route=\/wp\/v2\/pages\/2126\/revisions"}],"predecessor-version":[{"id":4746,"href":"https:\/\/www.binted.com.tr\/index.php?rest_route=\/wp\/v2\/pages\/2126\/revisions\/4746"}],"up":[{"embeddable":true,"href":"https:\/\/www.binted.com.tr\/index.php?rest_route=\/wp\/v2\/pages\/2124"}],"wp:featuredmedia":[{"embeddable":true,"href":"https:\/\/www.binted.com.tr\/index.php?rest_route=\/wp\/v2\/media\/4254"}],"wp:attachment":[{"href":"https:\/\/www.binted.com.tr\/index.php?rest_route=%2Fwp%2Fv2%2Fmedia&parent=2126"}],"curies":[{"name":"wp","href":"https:\/\/api.w.org\/{rel}","templated":true}]}}