{"id":2124,"date":"2018-03-13T17:02:29","date_gmt":"2018-03-13T14:02:29","guid":{"rendered":"http:\/\/www.binted.com.tr\/?page_id=2124"},"modified":"2026-01-16T11:18:43","modified_gmt":"2026-01-16T08:18:43","slug":"insan-kaynaklari","status":"publish","type":"page","link":"https:\/\/www.binted.com.tr\/?page_id=2124","title":{"rendered":"\u0130NSAN KAYNAKLARI"},"content":{"rendered":"\t\t<div data-elementor-type=\"wp-page\" data-elementor-id=\"2124\" class=\"elementor elementor-2124\">\n\t\t\t\t\t\t\t\t\t<section class=\"elementor-section elementor-top-section elementor-element elementor-element-4cef140c elementor-section-boxed elementor-section-height-default elementor-section-height-default\" data-id=\"4cef140c\" data-element_type=\"section\">\n\t\t\t\t\t\t<div class=\"elementor-container elementor-column-gap-default\">\n\t\t\t\t\t<div class=\"elementor-column elementor-col-100 elementor-top-column elementor-element elementor-element-e970786\" data-id=\"e970786\" data-element_type=\"column\">\n\t\t\t<div class=\"elementor-widget-wrap elementor-element-populated\">\n\t\t\t\t\t\t\t\t<div class=\"elementor-element elementor-element-569fb210 elementor-widget elementor-widget-text-editor\" data-id=\"569fb210\" data-element_type=\"widget\" data-widget_type=\"text-editor.default\">\n\t\t\t\t<div class=\"elementor-widget-container\">\n\t\t\t<style>\/*! elementor - v3.6.4 - 13-04-2022 *\/\n.elementor-widget-text-editor.elementor-drop-cap-view-stacked .elementor-drop-cap{background-color:#818a91;color:#fff}.elementor-widget-text-editor.elementor-drop-cap-view-framed .elementor-drop-cap{color:#818a91;border:3px solid;background-color:transparent}.elementor-widget-text-editor:not(.elementor-drop-cap-view-default) .elementor-drop-cap{margin-top:8px}.elementor-widget-text-editor:not(.elementor-drop-cap-view-default) .elementor-drop-cap-letter{width:1em;height:1em}.elementor-widget-text-editor .elementor-drop-cap{float:left;text-align:center;line-height:1;font-size:50px}.elementor-widget-text-editor .elementor-drop-cap-letter{display:inline-block}<\/style>\t\t\t\t<p><strong>Binted A.\u015e. &#8211; Bursa B\u00fcy\u00fck\u015fehir Belediyesi \u0130\u015ftiraki<\/strong><\/p><p>Binted, Bursa B\u00fcy\u00fck\u015fehir Belediyesi&#8217;nin bir i\u015ftiraki olarak, birlik, beraberlik, anlay\u0131\u015f, samimiyet, sorumluluk ve \u00e7\u00f6z\u00fcm odakl\u0131 de\u011ferleri temel al\u0131r. Bu de\u011ferler, \u015firketimizin her i\u015f karar\u0131nda rehberlik ederek insan hayat\u0131na dokunman\u0131n onurunu ve hakl\u0131 gururunu ya\u015famam\u0131za yard\u0131mc\u0131 olur.<\/p><p><strong>\u00c7al\u0131\u015fanlar\u0131m\u0131z ve \u0130\u015f Kanunu<\/strong><\/p><p>\u015eirketimizde \u00e7al\u0131\u015fanlar, 4857 say\u0131l\u0131 \u0130\u015f Kanunu h\u00fck\u00fcmlerine tabidirler. Bu kanunun sundu\u011fu haklar ve sorumluluklar \u00e7er\u00e7evesinde \u00e7al\u0131\u015fanlar\u0131m\u0131z\u0131n refah\u0131n\u0131 ve g\u00fcvenli\u011fini sa\u011flamaktay\u0131z.<\/p><p><strong>E\u011fitim ve Mesleki Geli\u015fim<\/strong><\/p><p>Binted, \u00e7al\u0131\u015fanlar\u0131n\u0131n performans\u0131n\u0131 art\u0131rmak i\u00e7in e\u011fitim ve mesleki geli\u015fim faaliyetleri d\u00fczenler. Bu faaliyetler, kurumsal insan kaynaklar\u0131 modelini temel al\u0131r ve \u00e7al\u0131\u015fanlar\u0131m\u0131z\u0131n meslek ve ki\u015fisel hayatlar\u0131nda geli\u015fimlerine katk\u0131 sa\u011flamay\u0131 hedefler. Temel \u0130SG, mesleki beceri ve liyakat anlay\u0131\u015f\u0131n\u0131 benimseyerek planlad\u0131\u011f\u0131m\u0131z e\u011fitimler, \u00e7al\u0131\u015fanlar\u0131m\u0131z\u0131n potansiyelini maksimize etmelerine yard\u0131mc\u0131 olur.<\/p><p><strong>\u0130\u015f Ba\u015fvurusu<\/strong><\/p><p>Binted ailesine kat\u0131lmak i\u00e7in i\u015f ba\u015fvuru ilanlar\u0131m\u0131z\u0131 <span style=\"color: #ffcc00;\"><a style=\"color: #ffcc00;\" href=\"http:\/\/www.iskur.gov.tr\/\" target=\"_new\" rel=\"noopener\">www.iskur.gov.tr<\/a> <\/span>veya <span style=\"color: #ffcc00;\"><a style=\"color: #ffcc00;\" href=\"http:\/\/bursaisofisi.bursa.bel.tr\" target=\"_new\" rel=\"noopener\">www.bursaisofisi.bursa.bel.tr<\/a><\/span>\u00a0 web sitelerinden takip edebilirsiniz. \u0130\u015f ba\u015fvurusu ile ilgili daha fazla bilgiye ula\u015fmak i\u00e7in Bursa \u0130\u015f Ofisimizi (B\u0130O) ziyaret edebilirsiniz.<\/p><p><strong>Genel Bilgi ve \u0130leti\u015fim<\/strong><\/p><p>Binted ile ilgili daha fazla bilgi almak veya ileti\u015fime ge\u00e7mek i\u00e7in bizimle a\u015fa\u011f\u0131daki ileti\u015fim numaras\u0131ndan ileti\u015fime ge\u00e7ebilirsiniz:<\/p><p>Adres: Santral Garaj Mahallesi Stadyum Caddesi Atat\u00fcrk Kongre K\u00fclt\u00fcr Merkezi Sitesi No: 42 \/ 2 \u0130\u00e7 Kap\u0131 No:1 Osmangazi \/ BURSA<\/p><p>Telefon: 0224 251 06 00<\/p>\t\t\t\t\t\t<\/div>\n\t\t\t\t<\/div>\n\t\t\t\t\t<\/div>\n\t\t<\/div>\n\t\t\t\t\t\t\t<\/div>\n\t\t<\/section>\n\t\t\t\t\t\t\t<\/div>\n\t\t","protected":false},"excerpt":{"rendered":"<p>Binted A.\u015e. &#8211; Bursa B\u00fcy\u00fck\u015fehir Belediyesi \u0130\u015ftiraki Binted, Bursa B\u00fcy\u00fck\u015fehir Belediyesi&#8217;nin bir i\u015ftiraki olarak, birlik, beraberlik, anlay\u0131\u015f, samimiyet, sorumluluk ve \u00e7\u00f6z\u00fcm odakl\u0131 de\u011ferleri temel al\u0131r. Bu de\u011ferler, \u015firketimizin her i\u015f karar\u0131nda rehberlik ederek insan hayat\u0131na dokunman\u0131n onurunu ve hakl\u0131 gururunu ya\u015famam\u0131za yard\u0131mc\u0131 olur. \u00c7al\u0131\u015fanlar\u0131m\u0131z ve \u0130\u015f Kanunu \u015eirketimizde \u00e7al\u0131\u015fanlar, 4857 say\u0131l\u0131 \u0130\u015f Kanunu h\u00fck\u00fcmlerine tabidirler. [&hellip;]<\/p>\n","protected":false},"author":2,"featured_media":4254,"parent":0,"menu_order":2,"comment_status":"closed","ping_status":"closed","template":"","meta":{"footnotes":""},"_links":{"self":[{"href":"https:\/\/www.binted.com.tr\/index.php?rest_route=\/wp\/v2\/pages\/2124"}],"collection":[{"href":"https:\/\/www.binted.com.tr\/index.php?rest_route=\/wp\/v2\/pages"}],"about":[{"href":"https:\/\/www.binted.com.tr\/index.php?rest_route=\/wp\/v2\/types\/page"}],"author":[{"embeddable":true,"href":"https:\/\/www.binted.com.tr\/index.php?rest_route=\/wp\/v2\/users\/2"}],"replies":[{"embeddable":true,"href":"https:\/\/www.binted.com.tr\/index.php?rest_route=%2Fwp%2Fv2%2Fcomments&post=2124"}],"version-history":[{"count":36,"href":"https:\/\/www.binted.com.tr\/index.php?rest_route=\/wp\/v2\/pages\/2124\/revisions"}],"predecessor-version":[{"id":5702,"href":"https:\/\/www.binted.com.tr\/index.php?rest_route=\/wp\/v2\/pages\/2124\/revisions\/5702"}],"wp:featuredmedia":[{"embeddable":true,"href":"https:\/\/www.binted.com.tr\/index.php?rest_route=\/wp\/v2\/media\/4254"}],"wp:attachment":[{"href":"https:\/\/www.binted.com.tr\/index.php?rest_route=%2Fwp%2Fv2%2Fmedia&parent=2124"}],"curies":[{"name":"wp","href":"https:\/\/api.w.org\/{rel}","templated":true}]}}