{"id":2080,"date":"2018-03-13T15:41:58","date_gmt":"2018-03-13T12:41:58","guid":{"rendered":"http:\/\/www.binted.com.tr\/?page_id=2080"},"modified":"2020-03-30T14:00:18","modified_gmt":"2020-03-30T11:00:18","slug":"kalite-belgelerimiz","status":"publish","type":"page","link":"https:\/\/www.binted.com.tr\/?page_id=2080","title":{"rendered":"Kalite Belgelerimiz"},"content":{"rendered":"<ul>\n<li><strong>TS ISO 18001 \u0130\u015e SA\u011eLI\u011eI VE G\u00dcVENL\u0130\u011e\u0130 Y\u00d6NET\u0130M S\u0130STEM\u0130\u00a0<\/strong><strong>\u00dcYEL\u0130KLER\u0130M\u0130Z<\/strong><\/li>\n<li><strong>TS ISO 10002 M\u00dc\u015eTER\u0130 MEMNUN\u0130YET\u0130 Y\u00d6NET\u0130M S\u0130STEM\u0130<\/strong><\/li>\n<li><strong>TS ISO 9001 2008 KAL\u0130TE Y\u00d6NET\u0130M S\u0130STEM\u0130<\/strong><\/li>\n<\/ul>\n<p>&nbsp;<\/p>\n<p><a href=\"https:\/\/www.binted.com.tr\/wp-content\/uploads\/2020\/03\/kalite-belgesi-1.jpg\"><img loading=\"lazy\" decoding=\"async\" class=\"alignleft  wp-image-4754\" src=\"https:\/\/www.binted.com.tr\/wp-content\/uploads\/2020\/03\/kalite-belgesi-1.jpg\" alt=\"\" width=\"734\" height=\"490\" srcset=\"https:\/\/www.binted.com.tr\/wp-content\/uploads\/2020\/03\/kalite-belgesi-1.jpg 5000w, https:\/\/www.binted.com.tr\/wp-content\/uploads\/2020\/03\/kalite-belgesi-1-300x200.jpg 300w, https:\/\/www.binted.com.tr\/wp-content\/uploads\/2020\/03\/kalite-belgesi-1-768x513.jpg 768w, https:\/\/www.binted.com.tr\/wp-content\/uploads\/2020\/03\/kalite-belgesi-1-1024x683.jpg 1024w\" sizes=\"(max-width: 734px) 100vw, 734px\" \/><\/a><a href=\"https:\/\/www.binted.com.tr\/wp-content\/uploads\/2020\/03\/kalite-belgesi-2.jpg\"><img loading=\"lazy\" decoding=\"async\" class=\"alignleft  wp-image-4755\" src=\"https:\/\/www.binted.com.tr\/wp-content\/uploads\/2020\/03\/kalite-belgesi-2.jpg\" alt=\"\" width=\"737\" height=\"492\" srcset=\"https:\/\/www.binted.com.tr\/wp-content\/uploads\/2020\/03\/kalite-belgesi-2.jpg 5000w, https:\/\/www.binted.com.tr\/wp-content\/uploads\/2020\/03\/kalite-belgesi-2-300x200.jpg 300w, https:\/\/www.binted.com.tr\/wp-content\/uploads\/2020\/03\/kalite-belgesi-2-768x513.jpg 768w, https:\/\/www.binted.com.tr\/wp-content\/uploads\/2020\/03\/kalite-belgesi-2-1024x683.jpg 1024w\" sizes=\"(max-width: 737px) 100vw, 737px\" \/><\/a><a href=\"https:\/\/www.binted.com.tr\/wp-content\/uploads\/2020\/03\/kalite-belgesi-3.jpg\"><img loading=\"lazy\" decoding=\"async\" class=\"alignleft  wp-image-4756\" src=\"https:\/\/www.binted.com.tr\/wp-content\/uploads\/2020\/03\/kalite-belgesi-3.jpg\" alt=\"\" width=\"742\" height=\"495\" srcset=\"https:\/\/www.binted.com.tr\/wp-content\/uploads\/2020\/03\/kalite-belgesi-3.jpg 5000w, https:\/\/www.binted.com.tr\/wp-content\/uploads\/2020\/03\/kalite-belgesi-3-300x200.jpg 300w, https:\/\/www.binted.com.tr\/wp-content\/uploads\/2020\/03\/kalite-belgesi-3-768x513.jpg 768w, https:\/\/www.binted.com.tr\/wp-content\/uploads\/2020\/03\/kalite-belgesi-3-1024x683.jpg 1024w\" sizes=\"(max-width: 742px) 100vw, 742px\" \/><\/a><\/p>\n","protected":false},"excerpt":{"rendered":"<p>TS ISO 18001 \u0130\u015e SA\u011eLI\u011eI VE G\u00dcVENL\u0130\u011e\u0130 Y\u00d6NET\u0130M S\u0130STEM\u0130\u00a0\u00dcYEL\u0130KLER\u0130M\u0130Z TS ISO 10002 M\u00dc\u015eTER\u0130 MEMNUN\u0130YET\u0130 Y\u00d6NET\u0130M S\u0130STEM\u0130 TS ISO 9001 2008 KAL\u0130TE Y\u00d6NET\u0130M S\u0130STEM\u0130 &nbsp;<\/p>\n","protected":false},"author":2,"featured_media":4254,"parent":2074,"menu_order":3,"comment_status":"closed","ping_status":"closed","template":"","meta":{"footnotes":""},"_links":{"self":[{"href":"https:\/\/www.binted.com.tr\/index.php?rest_route=\/wp\/v2\/pages\/2080"}],"collection":[{"href":"https:\/\/www.binted.com.tr\/index.php?rest_route=\/wp\/v2\/pages"}],"about":[{"href":"https:\/\/www.binted.com.tr\/index.php?rest_route=\/wp\/v2\/types\/page"}],"author":[{"embeddable":true,"href":"https:\/\/www.binted.com.tr\/index.php?rest_route=\/wp\/v2\/users\/2"}],"replies":[{"embeddable":true,"href":"https:\/\/www.binted.com.tr\/index.php?rest_route=%2Fwp%2Fv2%2Fcomments&post=2080"}],"version-history":[{"count":16,"href":"https:\/\/www.binted.com.tr\/index.php?rest_route=\/wp\/v2\/pages\/2080\/revisions"}],"predecessor-version":[{"id":4757,"href":"https:\/\/www.binted.com.tr\/index.php?rest_route=\/wp\/v2\/pages\/2080\/revisions\/4757"}],"up":[{"embeddable":true,"href":"https:\/\/www.binted.com.tr\/index.php?rest_route=\/wp\/v2\/pages\/2074"}],"wp:featuredmedia":[{"embeddable":true,"href":"https:\/\/www.binted.com.tr\/index.php?rest_route=\/wp\/v2\/media\/4254"}],"wp:attachment":[{"href":"https:\/\/www.binted.com.tr\/index.php?rest_route=%2Fwp%2Fv2%2Fmedia&parent=2080"}],"curies":[{"name":"wp","href":"https:\/\/api.w.org\/{rel}","templated":true}]}}