{"id":2078,"date":"2018-03-13T15:41:36","date_gmt":"2018-03-13T12:41:36","guid":{"rendered":"http:\/\/www.binted.com.tr\/?page_id=2078"},"modified":"2022-02-21T08:26:41","modified_gmt":"2022-02-21T05:26:41","slug":"yonetim-politikamiz","status":"publish","type":"page","link":"https:\/\/www.binted.com.tr\/?page_id=2078","title":{"rendered":"Vizyon ve Misyonumuz"},"content":{"rendered":"<p style=\"text-align: left;\"><strong>V\u0130ZYONUMUZ<\/strong><\/p>\n<p>Binted\u2019in misyonu;<\/p>\n<p>Personel merkezli bir yakla\u015f\u0131mla nitelikli \u00e7al\u0131\u015fan, sorumluluk sahibi ve kurum aidiyetiyle nitelikli \u00e7al\u0131\u015fan\u0131n i\u015f g\u00fcc\u00fcne katk\u0131s\u0131n\u0131 sa\u011flamakt\u0131r.<\/p>\n<p style=\"text-align: left;\"><strong>M\u0130SYONUMUZ<\/strong><\/p>\n<p>Bursa il s\u0131n\u0131rlar\u0131 i\u00e7erisinde belediyeler, belediyelere ba\u011fl\u0131 kurulu\u015flar, i\u015fletmeler, kooperatifler, birlikler vb. i\u00e7in, her t\u00fcrl\u00fc m\u00fchendislik hizmetleri y\u00f6netsel, k\u00fclt\u00fcrel, teknik sosyal ve mali konularda m\u00fc\u015favirlik, kontroll\u00fck ve insan kaynaklar\u0131, e\u011fitim, taahh\u00fct dan\u0131\u015fmanl\u0131k, denetim hizmetlerini h\u0131zl\u0131 ve uzman kadrosu ile sunan bir kurulu\u015ftur.<\/p>\n","protected":false},"excerpt":{"rendered":"<p>V\u0130ZYONUMUZ Binted\u2019in misyonu; Personel merkezli bir yakla\u015f\u0131mla nitelikli \u00e7al\u0131\u015fan, sorumluluk sahibi ve kurum aidiyetiyle nitelikli \u00e7al\u0131\u015fan\u0131n i\u015f g\u00fcc\u00fcne katk\u0131s\u0131n\u0131 sa\u011flamakt\u0131r. M\u0130SYONUMUZ Bursa il s\u0131n\u0131rlar\u0131 i\u00e7erisinde belediyeler, belediyelere ba\u011fl\u0131 kurulu\u015flar, i\u015fletmeler, kooperatifler, birlikler vb. i\u00e7in, her t\u00fcrl\u00fc m\u00fchendislik hizmetleri y\u00f6netsel, k\u00fclt\u00fcrel, teknik sosyal ve mali konularda m\u00fc\u015favirlik, kontroll\u00fck ve insan kaynaklar\u0131, e\u011fitim, taahh\u00fct dan\u0131\u015fmanl\u0131k, denetim hizmetlerini [&hellip;]<\/p>\n","protected":false},"author":2,"featured_media":4254,"parent":2074,"menu_order":2,"comment_status":"closed","ping_status":"closed","template":"","meta":{"footnotes":""},"_links":{"self":[{"href":"https:\/\/www.binted.com.tr\/index.php?rest_route=\/wp\/v2\/pages\/2078"}],"collection":[{"href":"https:\/\/www.binted.com.tr\/index.php?rest_route=\/wp\/v2\/pages"}],"about":[{"href":"https:\/\/www.binted.com.tr\/index.php?rest_route=\/wp\/v2\/types\/page"}],"author":[{"embeddable":true,"href":"https:\/\/www.binted.com.tr\/index.php?rest_route=\/wp\/v2\/users\/2"}],"replies":[{"embeddable":true,"href":"https:\/\/www.binted.com.tr\/index.php?rest_route=%2Fwp%2Fv2%2Fcomments&post=2078"}],"version-history":[{"count":18,"href":"https:\/\/www.binted.com.tr\/index.php?rest_route=\/wp\/v2\/pages\/2078\/revisions"}],"predecessor-version":[{"id":5146,"href":"https:\/\/www.binted.com.tr\/index.php?rest_route=\/wp\/v2\/pages\/2078\/revisions\/5146"}],"up":[{"embeddable":true,"href":"https:\/\/www.binted.com.tr\/index.php?rest_route=\/wp\/v2\/pages\/2074"}],"wp:featuredmedia":[{"embeddable":true,"href":"https:\/\/www.binted.com.tr\/index.php?rest_route=\/wp\/v2\/media\/4254"}],"wp:attachment":[{"href":"https:\/\/www.binted.com.tr\/index.php?rest_route=%2Fwp%2Fv2%2Fmedia&parent=2078"}],"curies":[{"name":"wp","href":"https:\/\/api.w.org\/{rel}","templated":true}]}}