{"id":2076,"date":"2018-03-13T15:40:54","date_gmt":"2018-03-13T12:40:54","guid":{"rendered":"http:\/\/www.binted.com.tr\/?page_id=2076"},"modified":"2022-02-21T08:27:46","modified_gmt":"2022-02-21T05:27:46","slug":"kalite-politikamiz","status":"publish","type":"page","link":"https:\/\/www.binted.com.tr\/?page_id=2076","title":{"rendered":"Kalite Politikam\u0131z"},"content":{"rendered":"<p>[vc_row][vc_column][vc_column_text]<\/p>\n<p><strong><u>KAL\u0130TE POL\u0130T\u0130KAMIZ <\/u><\/strong><\/p>\n<p>B\u0130NTED A.\u015e.&#8217;nin Temel Kalite Anlay\u0131\u015f\u0131;<\/p>\n<ul>\n<li>B\u0130NTED kalite y\u00f6netim sistemi TS EN ISO 9001:2015 standard\u0131 \u015fartlar\u0131na ve prosesler aras\u0131 etkile\u015fimleri de kapsayacak \u015fekilde y\u00f6netim sistemini olu\u015fturur, uygular, s\u00fcreklili\u011fini sa\u011flar ve daima iyile\u015ftirir.<\/li>\n<li>Y\u00f6netim sistemi i\u00e7in gerekli s\u00fcre\u00e7ler ve kurulu\u015ftaki uygulamalar\u0131 belirlemi\u015f ve bu s\u00fcre\u00e7lerin istenen girdilerini ve beklenen \u00e7\u0131kt\u0131lar\u0131n\u0131 \u00f6nemle belirlemi\u015ftir.<\/li>\n<li>S\u00fcre\u00e7lerin ak\u0131\u015f\u0131 ve birbiriyle olan ili\u015fkileri Risk ve Analiz De\u011ferlendirme Prosed\u00fcr\u00fc ile tan\u0131mlam\u0131\u015ft\u0131r.<\/li>\n<li>S\u00fcre\u00e7lerin etkin i\u015fletimi ve kontrol\u00fc i\u00e7in ihtiya\u00e7 duyulan y\u00f6ntemlerin kriterleri Y\u00f6netmelik ve Y\u00f6nergelerle desteklenmi\u015ftir.<\/li>\n<li>S\u00fcre\u00e7ler i\u00e7in ihtiya\u00e7 duyulan kaynaklar, \u00fcst y\u00f6netim taraf\u0131ndan tayin edilmekte ve varl\u0131\u011f\u0131n\u0131 Y\u00f6netimin G\u00f6zden Ge\u00e7irme Prosed\u00fcr\u00fcyle g\u00fcvence alt\u0131na almaktad\u0131r.<\/li>\n<li>S\u00fcre\u00e7lerin sahipleri \/ sorumlular\u0131 birimlere g\u00f6re belirlenmi\u015ftir.<\/li>\n<li>Operasyonel s\u00fcre\u00e7lerde stratejik geli\u015fmeler, risk ve f\u0131rsatlar niteli\u011finde belirlenmi\u015f ve \u00f6nlemleri al\u0131nm\u0131\u015ft\u0131r.<\/li>\n<li>S\u00fcre\u00e7ler de\u011ferlendirilmekte ve s\u00fcre\u00e7lerin istenen sonu\u00e7lara eri\u015fimini g\u00fcvence alt\u0131na almak i\u00e7in ihtiya\u00e7 duyulan de\u011fi\u015fiklikler uygulanmaktad\u0131r. S\u00fcre\u00e7ler ve Kalite Y\u00f6netim Sistemi prosed\u00fcr ve talimatlar do\u011frultusunda Kalite El Kitab\u0131n\u0131 referans alarak s\u00fcrekli iyile\u015ftirmektedir.<\/li>\n<li>Temel olarak politikalar\u0131n duyurumu kurumsal web sitesinde olmak \u00fczere kurum i\u00e7i ortak server klas\u00f6r\u00fcnde dijital olarak \u00e7al\u0131\u015fanlar\u0131n payla\u015f\u0131m\u0131na sunulmu\u015ftur. Ayr\u0131ca kurum i\u00e7inde ilgili yerlere fiziki olarak as\u0131lm\u0131\u015ft\u0131r.<\/li>\n<\/ul>\n<p><strong><u>TS ISO 9001 2015 KAL\u0130TE Y\u00d6NET\u0130M S\u0130STEM\u0130<\/u><\/strong><\/p>\n<ul>\n<li>Binted Anonim \u015eirketinde Kalite Y\u00f6netim Sistemini kurmak, s\u00fcreklili\u011fini sa\u011flamak ve belge devaml\u0131l\u0131\u011f\u0131n\u0131n asli k\u0131lmak, \u015firket performans\u0131m\u0131z\u0131n y\u00fckselmesine, kal\u0131c\u0131 ve istihdam\u0131n artmas\u0131na y\u00f6nelik olanaklar\u0131n ortaya \u00e7\u0131kmas\u0131n\u0131 sa\u011flar.<\/li>\n<li>ISO 9001, Binted\u2019e s\u00fcrekli iyile\u015ftirme mekanizmas\u0131 ve disiplini kazand\u0131r\u0131r.<\/li>\n<li>Risk y\u00f6netimi ile kurumsal ve mali kay\u0131plar\u0131m\u0131z\u0131 azalt\u0131r, f\u0131rsatlardan en \u00fcst d\u00fczeyde faydalanmam\u0131z\u0131 ve buna ba\u011fl\u0131 olarak m\u00fc\u015fteri memnuniyetinde tercih edilebilirli\u011fin artmas\u0131n\u0131 sa\u011flar.<\/li>\n<li>ISO 9001 Standard\u0131, m\u00fc\u015fteri istek ve beklentilerine uygun \u00e7\u00f6z\u00fcmler sunarak, m\u00fc\u015fteri tatminini s\u00fcrekli artt\u0131r\u0131r.<\/li>\n<li>\u00c7al\u0131\u015fanlar\u0131m\u0131z\u0131 g\u00fcn\u00fcn gereklerine g\u00f6re geli\u015ftirir ve \u00e7al\u0131\u015fan memnuniyetimizi artt\u0131r\u0131r.<\/li>\n<li>Binted\u2019in standard anlay\u0131\u015f\u0131 tedarik\u00e7ilerimizin kendi kalite sistemlerini de geli\u015ftirmelerini te\u015fvik etmeyi sa\u011flar.<\/li>\n<li>Kalite y\u00f6netim sisteminin gereklerine ve etkinli\u011fine s\u00fcrekli uymam\u0131z \u015firketimize iyile\u015ftirici f\u0131rsatlar sa\u011flar.<\/li>\n<\/ul>\n<p><strong><u>TS ISO 10002 M\u00dc\u015eTER\u0130 MEMNUN\u0130YET\u0130 Y\u00d6NET\u0130M S\u0130STEM\u0130<\/u><\/strong><\/p>\n<ul>\n<li>M\u00fc\u015fteri memnuniyetinin olumlu y\u00f6nde artt\u0131racak hizmetlerde bulunmam\u0131z\u0131 sa\u011flar.<\/li>\n<li>T\u00fcm i\u00e7 ve d\u0131\u015f m\u00fc\u015fterilerimize, gizlilik ilkesinden taviz vermeden h\u0131zl\u0131 ve uzman kadromuz ile etkin \u00e7\u00f6z\u00fcmler sunmam\u0131za olanak sa\u011flar.<\/li>\n<li>Kalite y\u00f6netim sistemimizin her a\u015famas\u0131nda s\u00fcrekli iyile\u015ftirmeyi temel ilke olarak kabul ediyoruz.<\/li>\n<li>M\u00fc\u015fterilerimizin talep, \u00f6neri ve \u015fik\u00e2yetlerinin en k\u0131sa s\u00fcrede \u00e7\u00f6z\u00fcmlenmesi i\u00e7in eri\u015filebilir olmam\u0131z, \u015fik\u00e2yetlerin de\u011ferlendirilmesi a\u015famas\u0131nda herhangi bir ilave \u00fccret talep etmemek memnuniyet hedeflerimize olumlu yans\u0131maktad\u0131r.<\/li>\n<li>M\u00fc\u015fteri ihtiya\u00e7lar\u0131n\u0131n kar\u015f\u0131lanmas\u0131nda hesap verebilir bir kurumsal yap\u0131ya sahip olmam\u0131z memnuniyet hedeflerimizin ger\u00e7ekle\u015fmesine olanakt\u0131r.<\/li>\n<li>Mevcut yasal ve mevzuatlara dayal\u0131 \u015fartlara taahh\u00fct etti\u011fimiz her kulvarda g\u00fcc\u00fcn\u00fc yasalardan alan anla\u015f\u0131labilir bir kurum olmam\u0131z\u0131 sa\u011flamaktad\u0131r.<\/li>\n<li>Kurulu\u015fumuzun t\u00fcm birimlerine M\u00fc\u015fteri Memnuniyeti Politikam\u0131z\u0131 anlatmak ve politikam\u0131z\u0131n s\u00fcreklili\u011fini sa\u011flamak daimi g\u00f6revlerimiz aras\u0131ndad\u0131r.<\/li>\n<\/ul>\n<p><strong><u>TS ISO 45001 \u0130\u015e SA\u011eLI\u011eI VE G\u00dcVENL\u0130\u011e\u0130 Y\u00d6NET\u0130M S\u0130STEM\u0130<\/u><\/strong><\/p>\n<ul>\n<li>T\u00fcm faaliyetlerimizde insan\u0131 en de\u011ferli varl\u0131k olarak kabul ediyoruz;<\/li>\n<li>T\u00fcm \u00e7al\u0131\u015fanlar\u0131m\u0131z\u0131n, mesleki sa\u011fl\u0131k ve g\u00fcvenliklerini koruyoruz. Olas\u0131 i\u015f kazalar\u0131 ve meslek hastal\u0131klar\u0131n\u0131n etkilerini en aza indirme \u00e7al\u0131\u015fmalar\u0131m\u0131z do\u011frultusunda i\u015f ve hizmet alan\u0131nda verimlili\u011fe ba\u011fl\u0131 olarak kaliteyi \u0130\u015f Sa\u011fl\u0131\u011f\u0131 ve G\u00fcvenli\u011fi mevzuat\u0131na uygun hareket ederek sa\u011flamakt\u0131r.<\/li>\n<li>Daha g\u00fcvenli ve sa\u011fl\u0131kl\u0131 bir \u00e7al\u0131\u015fma ortam\u0131 sa\u011flayarak, olu\u015fabilecek her t\u00fcrl\u00fc kay\u0131plar\u0131 en aza indirmeyi \u00f6ncelikli \u0130\u015f Sa\u011fl\u0131\u011f\u0131 ve G\u00fcvenli\u011fi hedefi olarak benimsiyoruz.<\/li>\n<li>T\u00fcm \u00e7al\u0131\u015fanlar\u0131m\u0131z\u0131n g\u00fcvenlik k\u00fclt\u00fcr\u00fcn\u00fc benimseyip uygulamas\u0131 i\u00e7in e\u011fitim faaliyetlerimizi periyodik olarak y\u0131l boyu s\u00fcrd\u00fcr\u00fcyoruz.<\/li>\n<li>Bu konuda yap\u0131lacak faaliyetler i\u00e7in kaynak ay\u0131rmay\u0131 ve t\u00fcm alanlarda \u0130SG sistemimizin olumlu olarak s\u00fcrekli geli\u015fmesini ve bu sekt\u00f6rde \u00f6rnek bir kurulu\u015f olma hedefimize do\u011frudan ula\u015fmam\u0131z\u0131 sa\u011flayacakt\u0131r.<\/li>\n<\/ul>\n<p>[\/vc_column_text][\/vc_column][\/vc_row]<\/p>\n","protected":false},"excerpt":{"rendered":"<p>[vc_row][vc_column][vc_column_text] KAL\u0130TE POL\u0130T\u0130KAMIZ B\u0130NTED A.\u015e.&#8217;nin Temel Kalite Anlay\u0131\u015f\u0131; B\u0130NTED kalite y\u00f6netim sistemi TS EN ISO 9001:2015 standard\u0131 \u015fartlar\u0131na ve prosesler aras\u0131 etkile\u015fimleri de kapsayacak \u015fekilde y\u00f6netim sistemini olu\u015fturur, uygular, s\u00fcreklili\u011fini sa\u011flar ve daima iyile\u015ftirir. Y\u00f6netim sistemi i\u00e7in gerekli s\u00fcre\u00e7ler ve kurulu\u015ftaki uygulamalar\u0131 belirlemi\u015f ve bu s\u00fcre\u00e7lerin istenen girdilerini ve beklenen \u00e7\u0131kt\u0131lar\u0131n\u0131 \u00f6nemle belirlemi\u015ftir. S\u00fcre\u00e7lerin ak\u0131\u015f\u0131 [&hellip;]<\/p>\n","protected":false},"author":2,"featured_media":4254,"parent":2074,"menu_order":1,"comment_status":"closed","ping_status":"closed","template":"","meta":{"footnotes":""},"_links":{"self":[{"href":"https:\/\/www.binted.com.tr\/index.php?rest_route=\/wp\/v2\/pages\/2076"}],"collection":[{"href":"https:\/\/www.binted.com.tr\/index.php?rest_route=\/wp\/v2\/pages"}],"about":[{"href":"https:\/\/www.binted.com.tr\/index.php?rest_route=\/wp\/v2\/types\/page"}],"author":[{"embeddable":true,"href":"https:\/\/www.binted.com.tr\/index.php?rest_route=\/wp\/v2\/users\/2"}],"replies":[{"embeddable":true,"href":"https:\/\/www.binted.com.tr\/index.php?rest_route=%2Fwp%2Fv2%2Fcomments&post=2076"}],"version-history":[{"count":15,"href":"https:\/\/www.binted.com.tr\/index.php?rest_route=\/wp\/v2\/pages\/2076\/revisions"}],"predecessor-version":[{"id":5147,"href":"https:\/\/www.binted.com.tr\/index.php?rest_route=\/wp\/v2\/pages\/2076\/revisions\/5147"}],"up":[{"embeddable":true,"href":"https:\/\/www.binted.com.tr\/index.php?rest_route=\/wp\/v2\/pages\/2074"}],"wp:featuredmedia":[{"embeddable":true,"href":"https:\/\/www.binted.com.tr\/index.php?rest_route=\/wp\/v2\/media\/4254"}],"wp:attachment":[{"href":"https:\/\/www.binted.com.tr\/index.php?rest_route=%2Fwp%2Fv2%2Fmedia&parent=2076"}],"curies":[{"name":"wp","href":"https:\/\/api.w.org\/{rel}","templated":true}]}}