{"id":2074,"date":"2018-03-13T15:38:16","date_gmt":"2018-03-13T12:38:16","guid":{"rendered":"http:\/\/www.binted.com.tr\/?page_id=2074"},"modified":"2020-03-30T13:27:28","modified_gmt":"2020-03-30T10:27:28","slug":"yonetim-sistemlerimiz-ve-uyelikler","status":"publish","type":"page","link":"https:\/\/www.binted.com.tr\/?page_id=2074","title":{"rendered":"Y\u00f6netim Sistemlerimiz"},"content":{"rendered":"<p>[vc_row][vc_column][vc_column_text]<\/p>\n<p style=\"text-align: left;\"><span style=\"color: #ffffff;\"><strong>TS ISO 9001 2008 KAL\u0130TE Y\u00d6NET\u0130M S\u0130STEM\u0130<\/strong><\/span><\/p>\n<ul style=\"text-align: left;\">\n<li><span style=\"color: #ffffff;\">M\u00fc\u015fteri istek ve beklentilerine uygun \u00e7\u00f6z\u00fcmler sunarak, m\u00fc\u015fteri tatminini s\u00fcrekli artt\u0131rmak,<\/span><br \/>\n<span style=\"color: #ffffff;\">\u2022\u00c7al\u0131\u015fanlar\u0131n\u0131 g\u00fcn\u00fcn gereklerine g\u00f6re geli\u015ftirmek,<\/span><br \/>\n<span style=\"color: #ffffff;\">\u2022\u00c7al\u0131\u015fan memnuniyetini artt\u0131rmak,<\/span><br \/>\n<span style=\"color: #ffffff;\">\u2022Atat\u00fcrk Kongre K\u00fclt\u00fcr Merkezini uluslar aras\u0131 platformda tan\u0131n\u0131r hale getirmek,<\/span><br \/>\n<span style=\"color: #ffffff;\">\u2022Tedarik\u00e7ilerimizin kendi kalite sistemlerini geli\u015ftirmelerin, te\u015fvik etmek,<\/span><br \/>\n<span style=\"color: #ffffff;\">\u2022Kalite y\u00f6netim sisteminin gereklerine s\u00fcrekli uymak ve etkinli\u011fini iyile\u015ftirmek.<\/span><\/li>\n<\/ul>\n<p style=\"text-align: left;\"><span style=\"color: #ffffff;\"><strong>TS ISO 10002 M\u00dc\u015eTER\u0130 MEMNUN\u0130YET\u0130 Y\u00d6NET\u0130M S\u0130STEM\u0130<\/strong><\/span><\/p>\n<ul style=\"text-align: left;\">\n<li><span style=\"color: #ffffff;\">M\u00fc\u015fteri memnuniyetini sa\u011flamak ve artt\u0131rmak,<\/span><br \/>\n<span style=\"color: #ffffff;\">\u2022 T\u00fcm i\u00e7 ve d\u0131\u015f m\u00fc\u015fterilerimize gizlilik ilkesinden taviz vermeden, h\u0131zl\u0131 ve uzman kadromuz ile etkin \u00e7\u00f6z\u00fcmler sunmak,<\/span><br \/>\n<span style=\"color: #ffffff;\">\u2022 Kalite y\u00f6netim sistemimizin her a\u015famas\u0131nda s\u00fcrekli iyile\u015ftirmeyi temel ilke edinmek,<\/span><br \/>\n<span style=\"color: #ffffff;\">\u2022 M\u00fc\u015fterilerimizin talep, \u00f6neri ve \u015fikayetlerinin en k\u0131sa s\u00fcrede \u00e7\u00f6z\u00fcmlenmesi i\u00e7in eri\u015filebilir olmak, \u015fikayetlerin de\u011ferlendirilmesi a\u015famas\u0131nda herhangi bir ilave \u00fccret talep etmemek,<\/span><br \/>\n<span style=\"color: #ffffff;\">\u2022 M\u00fc\u015fteri ihtiya\u00e7lar\u0131n\u0131n kar\u015f\u0131lanmas\u0131nda hesap verebilir bir kurumsal yap\u0131ya sahip olmak,<\/span><br \/>\n<span style=\"color: #ffffff;\">\u2022 Mevcut yasal ve mevzuata dayal\u0131 \u015fartlara taahh\u00fct etmek,<\/span><br \/>\n<span style=\"color: #ffffff;\">Kurulu\u015fumuzun t\u00fcm birimlerine M\u00fc\u015fteri Memnuniyeti politikam\u0131z\u0131 anlatmak ve politikam\u0131z\u0131n s\u00fcreklili\u011fini sa\u011flamak.<\/span><\/li>\n<\/ul>\n<p style=\"text-align: left;\"><span style=\"color: #ffffff;\"><strong>TS ISO 18001 \u0130\u015e SA\u011eLI\u011eI VE G\u00dcVENL\u0130\u011e\u0130 Y\u00d6NET\u0130M S\u0130STEM\u0130<\/strong><\/span><\/p>\n<p style=\"text-align: left;\"><span style=\"color: #ffffff;\">\u2022 T\u00fcm faaliyetlerimizde insan\u0131 en de\u011ferli varl\u0131k olarak kabul ederek;<\/span><br \/>\n<span style=\"color: #ffffff;\">\u2022 T\u00fcm \u00e7al\u0131\u015fanlar\u0131m\u0131z\u0131n, mesleki sa\u011fl\u0131k ve g\u00fcvenliklerini korumak, olas\u0131 i\u015f kazalar\u0131 ve meslek hastal\u0131klar\u0131n\u0131n etkilerini en aza indirmek ve bu do\u011frultuda i\u015f ve hizmet \u00fcretiminde verimlilik ve kaliteyi sa\u011flayabilmek i\u00e7in \u0130\u015f Sa\u011fl\u0131\u011f\u0131 ve G\u00fcvenli\u011fi mevzuat\u0131na uygun hareket etmek,<\/span><br \/>\n<span style=\"color: #ffffff;\">\u2022 Daha g\u00fcvenli ve sa\u011fl\u0131kl\u0131 bir \u00e7al\u0131\u015fma ortam\u0131 sa\u011flayarak, olu\u015fabilecek her t\u00fcrl\u00fc kay\u0131plar\u0131 en aza indirmeyi, \u00f6ncelikli i\u015f hedefi olarak benimsemek,<\/span><br \/>\n<span style=\"color: #ffffff;\">\u2022 T\u00fcm \u00e7al\u0131\u015fanlar\u0131n g\u00fcvenlik k\u00fclt\u00fcr\u00fcn\u00fc benimseyip uygulamas\u0131 i\u00e7in e\u011fitim faaliyetlerini s\u00fcrd\u00fcrmek,<\/span><br \/>\n<span style=\"color: #ffffff;\">\u2022 Bu konuda yap\u0131lacak faaliyetler i\u00e7in kaynak ay\u0131rmay\u0131 ve t\u00fcm alanlarda \u0130SG sistemimizin s\u00fcrekli geli\u015fmesini sa\u011flamak,<\/span><br \/>\n<span style=\"color: #ffffff;\">\u2022 Bu sekt\u00f6rde \u00f6rnek bir kurulu\u015f olmak.<\/span><\/p>\n<p>[\/vc_column_text][\/vc_column][\/vc_row]<\/p>\n","protected":false},"excerpt":{"rendered":"<p>[vc_row][vc_column][vc_column_text] TS ISO 9001 2008 KAL\u0130TE Y\u00d6NET\u0130M S\u0130STEM\u0130 M\u00fc\u015fteri istek ve beklentilerine uygun \u00e7\u00f6z\u00fcmler sunarak, m\u00fc\u015fteri tatminini s\u00fcrekli artt\u0131rmak, \u2022\u00c7al\u0131\u015fanlar\u0131n\u0131 g\u00fcn\u00fcn gereklerine g\u00f6re geli\u015ftirmek, \u2022\u00c7al\u0131\u015fan memnuniyetini artt\u0131rmak, \u2022Atat\u00fcrk Kongre K\u00fclt\u00fcr Merkezini uluslar aras\u0131 platformda tan\u0131n\u0131r hale getirmek, \u2022Tedarik\u00e7ilerimizin kendi kalite sistemlerini geli\u015ftirmelerin, te\u015fvik etmek, \u2022Kalite y\u00f6netim sisteminin gereklerine s\u00fcrekli uymak ve etkinli\u011fini iyile\u015ftirmek. TS ISO [&hellip;]<\/p>\n","protected":false},"author":2,"featured_media":4254,"parent":2,"menu_order":3,"comment_status":"closed","ping_status":"closed","template":"","meta":{"footnotes":""},"_links":{"self":[{"href":"https:\/\/www.binted.com.tr\/index.php?rest_route=\/wp\/v2\/pages\/2074"}],"collection":[{"href":"https:\/\/www.binted.com.tr\/index.php?rest_route=\/wp\/v2\/pages"}],"about":[{"href":"https:\/\/www.binted.com.tr\/index.php?rest_route=\/wp\/v2\/types\/page"}],"author":[{"embeddable":true,"href":"https:\/\/www.binted.com.tr\/index.php?rest_route=\/wp\/v2\/users\/2"}],"replies":[{"embeddable":true,"href":"https:\/\/www.binted.com.tr\/index.php?rest_route=%2Fwp%2Fv2%2Fcomments&post=2074"}],"version-history":[{"count":19,"href":"https:\/\/www.binted.com.tr\/index.php?rest_route=\/wp\/v2\/pages\/2074\/revisions"}],"predecessor-version":[{"id":4733,"href":"https:\/\/www.binted.com.tr\/index.php?rest_route=\/wp\/v2\/pages\/2074\/revisions\/4733"}],"up":[{"embeddable":true,"href":"https:\/\/www.binted.com.tr\/index.php?rest_route=\/wp\/v2\/pages\/2"}],"wp:featuredmedia":[{"embeddable":true,"href":"https:\/\/www.binted.com.tr\/index.php?rest_route=\/wp\/v2\/media\/4254"}],"wp:attachment":[{"href":"https:\/\/www.binted.com.tr\/index.php?rest_route=%2Fwp%2Fv2%2Fmedia&parent=2074"}],"curies":[{"name":"wp","href":"https:\/\/api.w.org\/{rel}","templated":true}]}}