{"id":2044,"date":"2018-03-13T13:44:25","date_gmt":"2018-03-13T10:44:25","guid":{"rendered":"http:\/\/www.binted.com.tr\/?page_id=2044"},"modified":"2026-04-10T16:42:26","modified_gmt":"2026-04-10T13:42:26","slug":"buyuksehirbelediyebaskani","status":"publish","type":"page","link":"https:\/\/www.binted.com.tr\/?page_id=2044","title":{"rendered":"B\u00fcy\u00fck\u015fehir Belediye Ba\u015fkan V."},"content":{"rendered":"\n<p><\/p>\n\n\n<div class=\"wp-block-image\">\n<figure class=\"alignleft size-full is-resized\"><a href=\"https:\/\/www.binted.com.tr\/wp-content\/uploads\/2026\/04\/69d8f560151df.webp\"><img loading=\"lazy\" decoding=\"async\" width=\"800\" height=\"561\" src=\"https:\/\/www.binted.com.tr\/wp-content\/uploads\/2026\/04\/69d8f560151df.webp\" alt=\"\" class=\"wp-image-5704\" style=\"aspect-ratio:0.974937343358396;width:360px;height:auto\" srcset=\"https:\/\/www.binted.com.tr\/wp-content\/uploads\/2026\/04\/69d8f560151df.webp 800w, https:\/\/www.binted.com.tr\/wp-content\/uploads\/2026\/04\/69d8f560151df-300x210.webp 300w, https:\/\/www.binted.com.tr\/wp-content\/uploads\/2026\/04\/69d8f560151df-768x539.webp 768w\" sizes=\"(max-width: 800px) 100vw, 800px\" \/><\/a><\/figure><\/div>\n\n\n<h3 class=\"wp-block-heading\">\u015eahin B\u0130BA (Bursa B\u00fcy\u00fck\u015fehir Belediye Ba\u015fkan Vekili)<\/h3>\n\n\n\n<p>1982 y\u0131l\u0131nda Kosova\u2019da do\u011fan \u015eahin Biba, 2006 y\u0131l\u0131nda Uluda\u011f \u00dcniversitesi Mimarl\u0131k B\u00f6l\u00fcm\u00fc\u2019nden mezun oldu. 2010 y\u0131l\u0131ndan bu yana serbest mimarl\u0131k b\u00fcrosu sahibi olarak yurt i\u00e7i ve yurt d\u0131\u015f\u0131nda proje tasar\u0131m\u0131 ve dan\u0131\u015fmanl\u0131k hizmetleri sunmaktad\u0131r. 2016-2024 y\u0131llar\u0131 aras\u0131nda AK Parti te\u015fkilatlar\u0131nda kentsel d\u00f6n\u00fc\u015f\u00fcm, yerel y\u00f6netimler ve il y\u00f6netimi alanlar\u0131nda bir\u00e7ok aktif g\u00f6rev \u00fcstlendi. 31 Mart 2024\u2019ten bu yana Bursa B\u00fcy\u00fck\u015fehir Belediyesi AK Parti Meclis \u00dcyesi ve \u0130mar Komisyonu Ba\u015fkan\u0131 olarak g\u00f6rev yapmaktad\u0131r. AK Parti te\u015fkilatlar\u0131nda uzun s\u00fcredir aktif ve stratejik roller \u00fcstlenen \u015eahin Biba, mimarl\u0131k ve \u015fehircilik alan\u0131ndaki mesleki birikimini yerel y\u00f6netimler alan\u0131ndaki tecr\u00fcbesiyle birle\u015ftirerek \u00e7al\u0131\u015fmalar\u0131n\u0131 s\u00fcrd\u00fcrmektedir.\u00a0Evli ve \u00fc\u00e7 \u00e7ocuk babas\u0131d\u0131r.<\/p>\n","protected":false},"excerpt":{"rendered":"<p>\u015eahin B\u0130BA (Bursa B\u00fcy\u00fck\u015fehir Belediye Ba\u015fkan Vekili) 1982 y\u0131l\u0131nda Kosova\u2019da do\u011fan \u015eahin Biba, 2006 y\u0131l\u0131nda Uluda\u011f \u00dcniversitesi Mimarl\u0131k B\u00f6l\u00fcm\u00fc\u2019nden mezun oldu. 2010 y\u0131l\u0131ndan bu yana serbest mimarl\u0131k b\u00fcrosu sahibi olarak yurt i\u00e7i ve yurt d\u0131\u015f\u0131nda proje tasar\u0131m\u0131 ve dan\u0131\u015fmanl\u0131k hizmetleri sunmaktad\u0131r. 2016-2024 y\u0131llar\u0131 aras\u0131nda AK Parti te\u015fkilatlar\u0131nda kentsel d\u00f6n\u00fc\u015f\u00fcm, yerel y\u00f6netimler ve il y\u00f6netimi alanlar\u0131nda [&hellip;]<\/p>\n","protected":false},"author":2,"featured_media":4254,"parent":2030,"menu_order":0,"comment_status":"closed","ping_status":"closed","template":"","meta":{"footnotes":""},"_links":{"self":[{"href":"https:\/\/www.binted.com.tr\/index.php?rest_route=\/wp\/v2\/pages\/2044"}],"collection":[{"href":"https:\/\/www.binted.com.tr\/index.php?rest_route=\/wp\/v2\/pages"}],"about":[{"href":"https:\/\/www.binted.com.tr\/index.php?rest_route=\/wp\/v2\/types\/page"}],"author":[{"embeddable":true,"href":"https:\/\/www.binted.com.tr\/index.php?rest_route=\/wp\/v2\/users\/2"}],"replies":[{"embeddable":true,"href":"https:\/\/www.binted.com.tr\/index.php?rest_route=%2Fwp%2Fv2%2Fcomments&post=2044"}],"version-history":[{"count":53,"href":"https:\/\/www.binted.com.tr\/index.php?rest_route=\/wp\/v2\/pages\/2044\/revisions"}],"predecessor-version":[{"id":5709,"href":"https:\/\/www.binted.com.tr\/index.php?rest_route=\/wp\/v2\/pages\/2044\/revisions\/5709"}],"up":[{"embeddable":true,"href":"https:\/\/www.binted.com.tr\/index.php?rest_route=\/wp\/v2\/pages\/2030"}],"wp:featuredmedia":[{"embeddable":true,"href":"https:\/\/www.binted.com.tr\/index.php?rest_route=\/wp\/v2\/media\/4254"}],"wp:attachment":[{"href":"https:\/\/www.binted.com.tr\/index.php?rest_route=%2Fwp%2Fv2%2Fmedia&parent=2044"}],"curies":[{"name":"wp","href":"https:\/\/api.w.org\/{rel}","templated":true}]}}