{"id":2030,"date":"2018-02-13T10:32:15","date_gmt":"2018-02-13T07:32:15","guid":{"rendered":"http:\/\/www.binted.com.tr\/?page_id=2030"},"modified":"2021-10-20T10:22:35","modified_gmt":"2021-10-20T07:22:35","slug":"hakkimizda","status":"publish","type":"page","link":"https:\/\/www.binted.com.tr\/?page_id=2030","title":{"rendered":"Hakk\u0131m\u0131zda"},"content":{"rendered":"<p style=\"text-align: left;\"><strong>K\u0130ML\u0130\u011e\u0130M\u0130Z;<\/strong><\/p>\n<p style=\"text-align: left;\">Binted Bursa \u0130nsan Kaynaklar\u0131 Taahh\u00fct, E\u011fitim, Dan\u0131\u015fmanl\u0131k Hizmetleri, \u0130mar, \u0130n\u015faat ve Ticaret Anonim \u015eirketi, yarat\u0131c\u0131 projeleri hayata ge\u00e7irmek; Belediyeler, di\u011fer kamu kurum ve kurulu\u015flar\u0131 ba\u015fta olmak \u00fczere kooperatif, kooperatif birlikleri ve kurumlar\u0131n projelerinin geli\u015ftirilmesinde \u0130\u015fbirli\u011fine y\u00f6nelik \u00e7al\u0131\u015fma ve organizasyonlar yapmak, projelerle ilgili planlama ve uygulama stratejileri geli\u015ftirmek, g\u00f6r\u00fc\u015f bildirmek, y\u00f6netsel, mali, sosyal ve teknik konulara ili\u015fkin\u00a0\u00a0destek sa\u011flamak, kontroll\u00fck, dan\u0131\u015fmanl\u0131k ve m\u00fc\u015favirlik hizmetlerini y\u00fcr\u00fctmek \u00fczere,\u00a0 1991 y\u0131l\u0131nda faaliyete ba\u015flad\u0131k.<\/p>\n<p style=\"text-align: left;\">\u015eirket ana s\u00f6zle\u015fmesinde yap\u0131lan de\u011fi\u015fiklik ile insan kaynaklar\u0131, taahh\u00fct, e\u011fitim ve dan\u0131\u015fmanl\u0131k hizmetleri faaliyet konular\u0131na ilave edilen \u015firketimiz, faaliyet konular\u0131na y\u00f6nelik t\u00fcm \u00e7al\u0131\u015fmalarda, alan\u0131ndaki yenilik\u00e7i uygulamalar\u0131 takip ederek, kaynaklar\u0131n\u0131 personelinin yetkinle\u015fmesi, uzmanla\u015fmas\u0131 bak\u0131m\u0131ndan seferber eden, Yasa ve ilgili mevzuat \u015fartlar\u0131 kapsam\u0131nda, yetki ve sorumluluk alan\u0131 i\u00e7erisinde, kat\u0131l\u0131mc\u0131 ve payla\u015f\u0131mc\u0131 bir y\u00f6netim ile birlikte her i\u015fin merkezine insan\u0131 koyan bir anlay\u0131\u015fla, t\u00fcm faaliyet alanlar\u0131nda \u00f6nemli bir akt\u00f6r olman\u0131n sorumlulu\u011fuyla hareket etmeye devam ediyor.<\/p>\n<p style=\"text-align: left;\"><strong>HUKUK\u0130 STAT\u00dcM\u00dcZ:<\/strong><\/p>\n<p style=\"text-align: left;\">T\u00fcrk Ticaret Kanunu h\u00fck\u00fcmlerine g\u00f6re kurulmu\u015f,\u00a0\u00f6zel hukuk kurallar\u0131na tabi, mali ve idari, \u00f6zerk ve \u00f6zel b\u00fct\u00e7eli t\u00fczel ki\u015fili\u011fe sahip bir \u015firkettir.<\/p>\n<p style=\"text-align: left;\">\u015eirketin gelir ve giderleri, mali tablolar\u0131 uluslararas\u0131 denetim ve mali m\u00fc\u015favirlik firmalar\u0131 taraf\u0131ndan denetlenir. Tam tasdik ve denetime tabidir.<\/p>\n","protected":false},"excerpt":{"rendered":"<p>K\u0130ML\u0130\u011e\u0130M\u0130Z; Binted Bursa \u0130nsan Kaynaklar\u0131 Taahh\u00fct, E\u011fitim, Dan\u0131\u015fmanl\u0131k Hizmetleri, \u0130mar, \u0130n\u015faat ve Ticaret Anonim \u015eirketi, yarat\u0131c\u0131 projeleri hayata ge\u00e7irmek; Belediyeler, di\u011fer kamu kurum ve kurulu\u015flar\u0131 ba\u015fta olmak \u00fczere kooperatif, kooperatif birlikleri ve kurumlar\u0131n projelerinin geli\u015ftirilmesinde \u0130\u015fbirli\u011fine y\u00f6nelik \u00e7al\u0131\u015fma ve organizasyonlar yapmak, projelerle ilgili planlama ve uygulama stratejileri geli\u015ftirmek, g\u00f6r\u00fc\u015f bildirmek, y\u00f6netsel, mali, sosyal ve teknik [&hellip;]<\/p>\n","protected":false},"author":2,"featured_media":4254,"parent":2,"menu_order":1,"comment_status":"closed","ping_status":"closed","template":"","meta":{"footnotes":""},"_links":{"self":[{"href":"https:\/\/www.binted.com.tr\/index.php?rest_route=\/wp\/v2\/pages\/2030"}],"collection":[{"href":"https:\/\/www.binted.com.tr\/index.php?rest_route=\/wp\/v2\/pages"}],"about":[{"href":"https:\/\/www.binted.com.tr\/index.php?rest_route=\/wp\/v2\/types\/page"}],"author":[{"embeddable":true,"href":"https:\/\/www.binted.com.tr\/index.php?rest_route=\/wp\/v2\/users\/2"}],"replies":[{"embeddable":true,"href":"https:\/\/www.binted.com.tr\/index.php?rest_route=%2Fwp%2Fv2%2Fcomments&post=2030"}],"version-history":[{"count":45,"href":"https:\/\/www.binted.com.tr\/index.php?rest_route=\/wp\/v2\/pages\/2030\/revisions"}],"predecessor-version":[{"id":5053,"href":"https:\/\/www.binted.com.tr\/index.php?rest_route=\/wp\/v2\/pages\/2030\/revisions\/5053"}],"up":[{"embeddable":true,"href":"https:\/\/www.binted.com.tr\/index.php?rest_route=\/wp\/v2\/pages\/2"}],"wp:featuredmedia":[{"embeddable":true,"href":"https:\/\/www.binted.com.tr\/index.php?rest_route=\/wp\/v2\/media\/4254"}],"wp:attachment":[{"href":"https:\/\/www.binted.com.tr\/index.php?rest_route=%2Fwp%2Fv2%2Fmedia&parent=2030"}],"curies":[{"name":"wp","href":"https:\/\/api.w.org\/{rel}","templated":true}]}}