{"id":2,"date":"2010-10-27T11:56:52","date_gmt":"2010-10-27T08:56:52","guid":{"rendered":"http:\/\/localhost\/?page_id=2"},"modified":"2023-05-31T09:23:14","modified_gmt":"2023-05-31T06:23:14","slug":"kurumsal-2","status":"publish","type":"page","link":"https:\/\/www.binted.com.tr\/?page_id=2","title":{"rendered":"KURUMSAL"},"content":{"rendered":"\n<p>Binted Bursa \u0130nsan Kaynaklar\u0131 Taahh\u00fct, E\u011fitim, Dan\u0131\u015fmanl\u0131k Hizmetleri, \u0130mar, \u0130n\u015faat ve Ticaret Anonim \u015eirketi, yarat\u0131c\u0131 projeleri hayata ge\u00e7irmek; Belediyeler, di\u011fer kamu kurum ve kurulu\u015flar\u0131 ba\u015fta olmak \u00fczere kooperatif, kooperatif birlikleri ve kurumlar\u0131n projelerinin geli\u015ftirilmesinde i\u015fbirli\u011fine y\u00f6nelik \u00e7al\u0131\u015fma ve organizasyonlar yapmak, projelerle ilgili planlama ve uygulama stratejileri geli\u015ftirmek, g\u00f6r\u00fc\u015f bildirmek, y\u00f6netsel, mali, sosyal ve teknik konulara ili\u015fkin&nbsp;&nbsp;destek sa\u011flamak, kontroll\u00fck, dan\u0131\u015fmanl\u0131k ve m\u00fc\u015favirlik hizmetlerini y\u00fcr\u00fctmek \u00fczere,&nbsp;25.07.1991 y\u0131l\u0131nda faaliyete ba\u015flad\u0131. Bug\u00fcn, Bursa\u2019n\u0131n insan kaynaklar\u0131 alan\u0131nda \u00f6nde gelen \u015firketleri aras\u0131nda yer almaktad\u0131r.<\/p>\n\n\n\n<p>Binted Anonim \u015eirketi, kuruldu\u011fu g\u00fcnden bug\u00fcne, Bursa\u2019da ger\u00e7ekle\u015ftirdi\u011fi dev istihdamlar\u0131n yan\u0131 s\u0131ra Bursa B\u00fcy\u00fck\u015fehir Belediyesi ve Bursa Su ve Kanalizasyon \u0130daresi\u2019ne (BUSK\u0130) hizmet sunma amac\u0131yla personel istihdam etmektedir. Bu kapsamda, kaliteli ve nitelikli personel hizmeti sunan Binted Anonim \u015eirketimiz, att\u0131\u011f\u0131 do\u011fru ad\u0131mlarla kuruldu\u011fu g\u00fcnden itibaren, h\u0131zl\u0131 y\u00fckseli\u015fini devam ettirerek Bursa\u2019n\u0131n en b\u00fcy\u00fck ilk 100 (y\u00fcz) firmas\u0131 aras\u0131nda da yerini ald\u0131.<\/p>\n\n\n\n<p>M\u00fc\u015fteri Memnuniyeti odakl\u0131 hizmet anlay\u0131\u015f\u0131 ile yoluna devam eden \u015firketimiz, kalitesinden \u00f6d\u00fcn vermeden hizmet vermeye devam ederken ayn\u0131 zamanda m\u00fc\u015fteri ihtiyac\u0131na paralel olarak memnuniyet hedeflerini her y\u0131l artt\u0131rmaya devam etmektedir.<\/p>\n\n\n\n<p>\u0130nsan Kaynaklar\u0131na y\u00f6nelik \u00e7al\u0131\u015fmalar\u0131n\u0131 geli\u015ftirmekte ve s\u00fcrd\u00fcrmekte olan \u015firketimiz, \u00f6nc\u00fc ve ba\u015far\u0131l\u0131 kimli\u011finin yan\u0131 s\u0131ra sekt\u00f6r\u00fcnde Bursa ve il\u00e7elerinde, lider kurulu\u015f olma y\u00f6n\u00fcndeki hedefine ula\u015fmak i\u00e7in \u00e7al\u0131\u015fmalar\u0131na devam etmektedir. <strong><br><\/strong><\/p>\n","protected":false},"excerpt":{"rendered":"<p>Binted Bursa \u0130nsan Kaynaklar\u0131 Taahh\u00fct, E\u011fitim, Dan\u0131\u015fmanl\u0131k Hizmetleri, \u0130mar, \u0130n\u015faat ve Ticaret Anonim \u015eirketi, yarat\u0131c\u0131 projeleri hayata ge\u00e7irmek; Belediyeler, di\u011fer kamu kurum ve kurulu\u015flar\u0131 ba\u015fta olmak \u00fczere kooperatif, kooperatif birlikleri ve kurumlar\u0131n projelerinin geli\u015ftirilmesinde i\u015fbirli\u011fine y\u00f6nelik \u00e7al\u0131\u015fma ve organizasyonlar yapmak, projelerle ilgili planlama ve uygulama stratejileri geli\u015ftirmek, g\u00f6r\u00fc\u015f bildirmek, y\u00f6netsel, mali, sosyal ve teknik konulara [&hellip;]<\/p>\n","protected":false},"author":4,"featured_media":4250,"parent":0,"menu_order":1,"comment_status":"closed","ping_status":"closed","template":"","meta":{"footnotes":""},"_links":{"self":[{"href":"https:\/\/www.binted.com.tr\/index.php?rest_route=\/wp\/v2\/pages\/2"}],"collection":[{"href":"https:\/\/www.binted.com.tr\/index.php?rest_route=\/wp\/v2\/pages"}],"about":[{"href":"https:\/\/www.binted.com.tr\/index.php?rest_route=\/wp\/v2\/types\/page"}],"author":[{"embeddable":true,"href":"https:\/\/www.binted.com.tr\/index.php?rest_route=\/wp\/v2\/users\/4"}],"replies":[{"embeddable":true,"href":"https:\/\/www.binted.com.tr\/index.php?rest_route=%2Fwp%2Fv2%2Fcomments&post=2"}],"version-history":[{"count":94,"href":"https:\/\/www.binted.com.tr\/index.php?rest_route=\/wp\/v2\/pages\/2\/revisions"}],"predecessor-version":[{"id":5487,"href":"https:\/\/www.binted.com.tr\/index.php?rest_route=\/wp\/v2\/pages\/2\/revisions\/5487"}],"wp:featuredmedia":[{"embeddable":true,"href":"https:\/\/www.binted.com.tr\/index.php?rest_route=\/wp\/v2\/media\/4250"}],"wp:attachment":[{"href":"https:\/\/www.binted.com.tr\/index.php?rest_route=%2Fwp%2Fv2%2Fmedia&parent=2"}],"curies":[{"name":"wp","href":"https:\/\/api.w.org\/{rel}","templated":true}]}}